{"id":1680,"date":"2020-07-13T12:36:24","date_gmt":"2020-07-13T15:36:24","guid":{"rendered":"https:\/\/jotci.org\/?page_id=1680"},"modified":"2023-10-27T10:29:42","modified_gmt":"2023-10-27T13:29:42","slug":"escopo","status":"publish","type":"page","link":"https:\/\/jotci.org\/pt-br\/escopo\/","title":{"rendered":"Escopo"},"content":{"rendered":"<p>O\u00a0<em>Journal of Transcatheter Interventions\u00a0<\/em>(J Transcat Intervent), e-ISSN\u00a02595-4350, anteriormente Revista Brasileira de Cardiologia Invasiva (Rev Bras Cardiol Invasiva), ISSN 0104-1843, \u00e9 uma publica\u00e7\u00e3o da Sociedade Brasileira de Hemodin\u00e2mica e Cardiologia Intervencionista (SBHCI). As decis\u00f5es dos editores da revista e de seus respectivos conselhos s\u00e3o feitas independentemente da SBHCI ou de parceiros de publica\u00e7\u00e3o. O editor-chefe \u00e9 respons\u00e1vel pela sele\u00e7\u00e3o e pelo gerenciamento dos Conselhos Editoriais Nacional e Internacional.<\/p>\n<p>A miss\u00e3o do <em>Journal of Transcatheter Interventions <\/em>\u00e9 registrar e publicar pesquisas cient\u00edficas que contribuam para a comunidade na \u00e1rea da Sa\u00fade e, sobretudo, da Cardiologia Invasiva do Brasil e do mundo.<\/p>\n<p>A revista tem como seu escopo a publica\u00e7\u00e3o de artigos relacionados \u00e0 interven\u00e7\u00e3o percut\u00e2nea em doen\u00e7as card\u00edacas (coron\u00e1ria e n\u00e3o coron\u00e1ria), perif\u00e9ricas e cerebrovasculares. Tamb\u00e9m s\u00e3o considerados para publica\u00e7\u00e3o manuscritos que explorem aspectos farmacol\u00f3gicos, fisiopatol\u00f3gicos e diagn\u00f3sticos ligados \u00e0 interven\u00e7\u00e3o percut\u00e2nea em doen\u00e7as cardiovasculares. N\u00e3o \u00e9 inten\u00e7\u00e3o da revista publicar artigos ligados \u00e0 eletrofisiologia e nem \u00e0 cirurgia card\u00edaca.<\/p>\n<p>S\u00e3o aceitos para publica\u00e7\u00e3o Artigos Originais, Artigos de Revis\u00e3o, Cartas ao Editor, Comunica\u00e7\u00e3o Breve, Desenhos de Estudo, Editoriais, Imagens em Interven\u00e7\u00e3o Cardiovascular e Relatos de Caso, submetidos em portugu\u00eas e ingl\u00eas, e disponibilizados em formato eletr\u00f4nico.<\/p>\n<p>Os conceitos emitidos nos manuscritos submetidos s\u00e3o de inteira responsabilidade dos autores, n\u00e3o refletindo a opini\u00e3o dos editores da revista. Os artigos aceitos para publica\u00e7\u00e3o passam a ser propriedade da revista.<\/p>\n<p>O\u00a0<em>Journal of Transcatheter Interventions\u00a0<\/em>\u00e9 uma revista de acesso aberto e n\u00e3o cobra taxa para submiss\u00e3o, revis\u00e3o, tradu\u00e7\u00e3o e publica\u00e7\u00e3o de artigo, e os custos da produ\u00e7\u00e3o editorial s\u00e3o de inteira responsabilidade da sociedade mantenedora. Todos os processos s\u00e3o executados eletronicamente e podem ser acessados no endere\u00e7o eletr\u00f4nico www.jotci.org.<\/p>\n<p>O conte\u00fado do\u00a0<em>Journal of Transcatheter Interventions\u00a0<\/em>est\u00e1 sob licen\u00e7a da <i><a href=\"https:\/\/creativecommons.org\/licenses\/by\/4.0\/deed.pt\">Creative Commons<\/a><\/i>\u00a0\u2212 Atribui\u00e7\u00e3o 4.0 Internacional (CC BY 4.0), que permite a c\u00f3pia, o uso e a distribui\u00e7\u00e3o da contribui\u00e7\u00e3o em qualquer meio, inclusive para fins comerciais, desde que o trabalho original seja devidamente citado.<\/p>\n<p>Atualizado em: 24 de outubro de 2023.<\/p>\n","protected":false},"excerpt":{"rendered":"<p>O\u00a0Journal of Transcatheter Interventions\u00a0(J Transcat Intervent), e-ISSN\u00a02595-4350, anteriormente Revista Brasileira de Cardiologia Invasiva (Rev Bras Cardiol Invasiva), ISSN 0104-1843, \u00e9 uma publica\u00e7\u00e3o da Sociedade Brasileira de Hemodin\u00e2mica e Cardiologia Intervencionista (SBHCI). As decis\u00f5es dos editores da revista e de seus respectivos conselhos s\u00e3o feitas independentemente da SBHCI ou de parceiros de publica\u00e7\u00e3o. O editor-chefe \u00e9 respons\u00e1vel pela sele\u00e7\u00e3o e pelo gerenciamento dos Conselhos Editoriais Nacional e Internacional. A miss\u00e3o do Journal of Transcatheter Interventions \u00e9 registrar e publicar pesquisas cient\u00edficas [&#8230;]<\/p>\n","protected":false},"author":3,"featured_media":0,"parent":0,"menu_order":0,"comment_status":"closed","ping_status":"closed","template":"","meta":{"footnotes":""},"class_list":["post-1680","page","type-page","status-publish","hentry"],"yoast_head":"<!-- This site is optimized with the Yoast SEO plugin v26.9 - https:\/\/yoast.com\/product\/yoast-seo-wordpress\/ -->\n<title>Escopo - Journal of Transcatheter Interventions<\/title>\n<meta name=\"robots\" content=\"index, follow, max-snippet:-1, max-image-preview:large, max-video-preview:-1\" \/>\n<link rel=\"canonical\" href=\"https:\/\/jotci.org\/pt-br\/escopo\/\" \/>\n<meta property=\"og:locale\" content=\"pt_BR\" \/>\n<meta property=\"og:type\" content=\"article\" \/>\n<meta property=\"og:title\" content=\"Escopo - Journal of Transcatheter Interventions\" \/>\n<meta property=\"og:description\" content=\"O\u00a0Journal of Transcatheter Interventions\u00a0(J Transcat Intervent), e-ISSN\u00a02595-4350, anteriormente Revista Brasileira de Cardiologia Invasiva (Rev Bras Cardiol Invasiva), ISSN 0104-1843, \u00e9 uma publica\u00e7\u00e3o da Sociedade Brasileira de Hemodin\u00e2mica e Cardiologia Intervencionista (SBHCI). As decis\u00f5es dos editores da revista e de seus respectivos conselhos s\u00e3o feitas independentemente da SBHCI ou de parceiros de publica\u00e7\u00e3o. O editor-chefe \u00e9 respons\u00e1vel pela sele\u00e7\u00e3o e pelo gerenciamento dos Conselhos Editoriais Nacional e Internacional. A miss\u00e3o do Journal of Transcatheter Interventions \u00e9 registrar e publicar pesquisas cient\u00edficas [...]\" \/>\n<meta property=\"og:url\" content=\"https:\/\/jotci.org\/pt-br\/escopo\/\" \/>\n<meta property=\"og:site_name\" content=\"Journal of Transcatheter Interventions\" \/>\n<meta property=\"article:publisher\" content=\"https:\/\/www.facebook.com\/Sbhcicardiologia\" \/>\n<meta property=\"article:modified_time\" content=\"2023-10-27T13:29:42+00:00\" \/>\n<meta name=\"twitter:card\" content=\"summary_large_image\" \/>\n<meta name=\"twitter:site\" content=\"@sbci_org_br\" \/>\n<meta name=\"twitter:label1\" content=\"Est. tempo de leitura\" \/>\n\t<meta name=\"twitter:data1\" content=\"2 minutos\" \/>\n<script type=\"application\/ld+json\" class=\"yoast-schema-graph\">{\"@context\":\"https:\/\/schema.org\",\"@graph\":[{\"@type\":\"WebPage\",\"@id\":\"https:\/\/jotci.org\/pt-br\/escopo\/\",\"url\":\"https:\/\/jotci.org\/pt-br\/escopo\/\",\"name\":\"Escopo - Journal of Transcatheter Interventions\",\"isPartOf\":{\"@id\":\"https:\/\/jotci.org\/#website\"},\"datePublished\":\"2020-07-13T15:36:24+00:00\",\"dateModified\":\"2023-10-27T13:29:42+00:00\",\"breadcrumb\":{\"@id\":\"https:\/\/jotci.org\/pt-br\/escopo\/#breadcrumb\"},\"inLanguage\":\"pt-BR\",\"potentialAction\":[{\"@type\":\"ReadAction\",\"target\":[\"https:\/\/jotci.org\/pt-br\/escopo\/\"]}]},{\"@type\":\"BreadcrumbList\",\"@id\":\"https:\/\/jotci.org\/pt-br\/escopo\/#breadcrumb\",\"itemListElement\":[{\"@type\":\"ListItem\",\"position\":1,\"name\":\"In\u00edcio\",\"item\":\"https:\/\/jotci.org\/pt-br\/\"},{\"@type\":\"ListItem\",\"position\":2,\"name\":\"Escopo\"}]},{\"@type\":\"WebSite\",\"@id\":\"https:\/\/jotci.org\/#website\",\"url\":\"https:\/\/jotci.org\/\",\"name\":\"Journal of Transcatheter Interventions\",\"description\":\"&lt;em&gt;(Continua\u00e7\u00e3o de: &lt;a href=&quot;http:\/\/www.rbci.org.br\/&quot;&gt;Revista Brasileira de Cardiologia Invasiva&lt;\/a&gt;)&lt;\/em&gt;&lt;br\/&gt;Publica\u00e7\u00e3o Oficial da &lt;a href=&quot;http:\/\/sbhci.org.br\/&quot;&gt;Sociedade Brasileira de Hemodin\u00e2mica e Cardiologia Intervencionista&lt;\/a&gt;\",\"potentialAction\":[{\"@type\":\"SearchAction\",\"target\":{\"@type\":\"EntryPoint\",\"urlTemplate\":\"https:\/\/jotci.org\/?s={search_term_string}\"},\"query-input\":{\"@type\":\"PropertyValueSpecification\",\"valueRequired\":true,\"valueName\":\"search_term_string\"}}],\"inLanguage\":\"pt-BR\"}]}<\/script>\n<!-- \/ Yoast SEO plugin. -->","yoast_head_json":{"title":"Escopo - Journal of Transcatheter Interventions","robots":{"index":"index","follow":"follow","max-snippet":"max-snippet:-1","max-image-preview":"max-image-preview:large","max-video-preview":"max-video-preview:-1"},"canonical":"https:\/\/jotci.org\/pt-br\/escopo\/","og_locale":"pt_BR","og_type":"article","og_title":"Escopo - Journal of Transcatheter Interventions","og_description":"O\u00a0Journal of Transcatheter Interventions\u00a0(J Transcat Intervent), e-ISSN\u00a02595-4350, anteriormente Revista Brasileira de Cardiologia Invasiva (Rev Bras Cardiol Invasiva), ISSN 0104-1843, \u00e9 uma publica\u00e7\u00e3o da Sociedade Brasileira de Hemodin\u00e2mica e Cardiologia Intervencionista (SBHCI). As decis\u00f5es dos editores da revista e de seus respectivos conselhos s\u00e3o feitas independentemente da SBHCI ou de parceiros de publica\u00e7\u00e3o. O editor-chefe \u00e9 respons\u00e1vel pela sele\u00e7\u00e3o e pelo gerenciamento dos Conselhos Editoriais Nacional e Internacional. A miss\u00e3o do Journal of Transcatheter Interventions \u00e9 registrar e publicar pesquisas cient\u00edficas [...]","og_url":"https:\/\/jotci.org\/pt-br\/escopo\/","og_site_name":"Journal of Transcatheter Interventions","article_publisher":"https:\/\/www.facebook.com\/Sbhcicardiologia","article_modified_time":"2023-10-27T13:29:42+00:00","twitter_card":"summary_large_image","twitter_site":"@sbci_org_br","twitter_misc":{"Est. tempo de leitura":"2 minutos"},"schema":{"@context":"https:\/\/schema.org","@graph":[{"@type":"WebPage","@id":"https:\/\/jotci.org\/pt-br\/escopo\/","url":"https:\/\/jotci.org\/pt-br\/escopo\/","name":"Escopo - Journal of Transcatheter Interventions","isPartOf":{"@id":"https:\/\/jotci.org\/#website"},"datePublished":"2020-07-13T15:36:24+00:00","dateModified":"2023-10-27T13:29:42+00:00","breadcrumb":{"@id":"https:\/\/jotci.org\/pt-br\/escopo\/#breadcrumb"},"inLanguage":"pt-BR","potentialAction":[{"@type":"ReadAction","target":["https:\/\/jotci.org\/pt-br\/escopo\/"]}]},{"@type":"BreadcrumbList","@id":"https:\/\/jotci.org\/pt-br\/escopo\/#breadcrumb","itemListElement":[{"@type":"ListItem","position":1,"name":"In\u00edcio","item":"https:\/\/jotci.org\/pt-br\/"},{"@type":"ListItem","position":2,"name":"Escopo"}]},{"@type":"WebSite","@id":"https:\/\/jotci.org\/#website","url":"https:\/\/jotci.org\/","name":"Journal of Transcatheter Interventions","description":"&lt;em&gt;(Continua\u00e7\u00e3o de: &lt;a href=&quot;http:\/\/www.rbci.org.br\/&quot;&gt;Revista Brasileira de Cardiologia Invasiva&lt;\/a&gt;)&lt;\/em&gt;&lt;br\/&gt;Publica\u00e7\u00e3o Oficial da &lt;a href=&quot;http:\/\/sbhci.org.br\/&quot;&gt;Sociedade Brasileira de Hemodin\u00e2mica e Cardiologia Intervencionista&lt;\/a&gt;","potentialAction":[{"@type":"SearchAction","target":{"@type":"EntryPoint","urlTemplate":"https:\/\/jotci.org\/?s={search_term_string}"},"query-input":{"@type":"PropertyValueSpecification","valueRequired":true,"valueName":"search_term_string"}}],"inLanguage":"pt-BR"}]}},"_links":{"self":[{"href":"https:\/\/jotci.org\/pt-br\/wp-json\/wp\/v2\/pages\/1680","targetHints":{"allow":["GET"]}}],"collection":[{"href":"https:\/\/jotci.org\/pt-br\/wp-json\/wp\/v2\/pages"}],"about":[{"href":"https:\/\/jotci.org\/pt-br\/wp-json\/wp\/v2\/types\/page"}],"author":[{"embeddable":true,"href":"https:\/\/jotci.org\/pt-br\/wp-json\/wp\/v2\/users\/3"}],"replies":[{"embeddable":true,"href":"https:\/\/jotci.org\/pt-br\/wp-json\/wp\/v2\/comments?post=1680"}],"version-history":[{"count":8,"href":"https:\/\/jotci.org\/pt-br\/wp-json\/wp\/v2\/pages\/1680\/revisions"}],"predecessor-version":[{"id":2578,"href":"https:\/\/jotci.org\/pt-br\/wp-json\/wp\/v2\/pages\/1680\/revisions\/2578"}],"wp:attachment":[{"href":"https:\/\/jotci.org\/pt-br\/wp-json\/wp\/v2\/media?parent=1680"}],"curies":[{"name":"wp","href":"https:\/\/api.w.org\/{rel}","templated":true}]}}