{"id":1682,"date":"2020-07-13T12:36:57","date_gmt":"2020-07-13T15:36:57","guid":{"rendered":"https:\/\/jotci.org\/?page_id=1682"},"modified":"2022-03-04T08:01:56","modified_gmt":"2022-03-04T11:01:56","slug":"estrutura","status":"publish","type":"page","link":"https:\/\/jotci.org\/pt-br\/estrutura\/","title":{"rendered":"Categorias e estruturas dos artigos"},"content":{"rendered":"<p><strong>Artigo Original<\/strong><\/p>\n<p>S\u00e3o estudos randomizados, estudos observacionais e registros, bem como pesquisa b\u00e1sica com animais de experimenta\u00e7\u00e3o. O corpo do manuscrito deve apresentar introdu\u00e7\u00e3o, m\u00e9todos, resultados, discuss\u00e3o, conclus\u00e3o e agradecimentos (opcional).<\/p>\n<p>Manuscrito limitado a 5.000 palavras (incluindo refer\u00eancias, legendas das figuras e tabelas), com, no m\u00e1ximo, 12 autores, 35 refer\u00eancias e oito tabelas\/figuras.<\/p>\n<p><strong>\u00a0<\/strong><\/p>\n<p><strong>Artigo de Revis\u00e3o<\/strong><\/p>\n<p>Nesta categoria, incluem-se avalia\u00e7\u00f5es cr\u00edticas e ordenadas da literatura sobre temas de interesse contempor\u00e2neo para os leitores, redigidas conforme sugest\u00e3o pr\u00e9via do corpo editorial. Deste modo, profissionais de reconhecida experi\u00eancia s\u00e3o convidados a escreverem as revis\u00f5es. O resumo n\u00e3o deve ser estruturado, exceto para artigos de revis\u00e3o sistem\u00e1tica, que devem seguir o padr\u00e3o do resumo de artigos originais.<\/p>\n<p>Manuscrito limitado a 5.000 palavras (incluindo refer\u00eancias), com, no m\u00e1ximo, tr\u00eas autores, 50 refer\u00eancias e oito tabelas\/figuras.<\/p>\n<p><strong>\u00a0<\/strong><\/p>\n<p><strong>Carta ao Editor<\/strong><\/p>\n<p>Correspond\u00eancia de conte\u00fado cient\u00edfico sobre artigos publicados recentemente no JOTCI. Os autores do artigo abordado s\u00e3o convidados a responder a carta. Tamb\u00e9m s\u00e3o aceitos coment\u00e1rios breves sobre um estudo original de reconhecido impacto cl\u00ednico ou um relato de caso de grande interesse.<\/p>\n<p>Manuscrito limitado a mil palavras, com, no m\u00e1ximo, tr\u00eas autores e cinco refer\u00eancias.<\/p>\n<p>&nbsp;<\/p>\n<p><strong>Comunica\u00e7\u00e3o Breve<\/strong><\/p>\n<p>Experi\u00eancias originais cuja relev\u00e2ncia para o conhecimento do tema justifique a apresenta\u00e7\u00e3o de dados iniciais de pequenas s\u00e9ries, ou dados parciais de ensaios cl\u00ednicos.<\/p>\n<p>Manuscrito limitado a mil palavras, com, no m\u00e1ximo, tr\u00eas autores e cinco refer\u00eancias.<\/p>\n<p><strong>\u00a0<\/strong><\/p>\n<p><strong>Desenho de Estudo<\/strong><\/p>\n<p>Descri\u00e7\u00f5es detalhadas de protocolos de estudos randomizados ou registros multic\u00eantricos, incluindo hip\u00f3tese, fundamento e m\u00e9todos, comp\u00f5em esta categoria. Tamb\u00e9m s\u00e3o considerados os desenhos de teses de Doutorado. Podem ser submetidos estudos planejados ou em andamento, que n\u00e3o tenham conclu\u00eddo ainda o recrutamento de pacientes. \u00c9 necess\u00e1rio confirmar o\u00a0<em>status\u00a0<\/em>do estudo no ato da submiss\u00e3o. Protocolos de estudo sem a aprova\u00e7\u00e3o do Comit\u00ea de \u00c9tica n\u00e3o s\u00e3o considerados. Os direitos autorais permanecem com os autores. O resumo deve ser estruturado.<\/p>\n<p>Manuscrito limitado a 5.000 palavras (incluindo refer\u00eancias, legendas das figuras e tabelas), com, no m\u00e1ximo, seis autores, 35 refer\u00eancias e quatro tabelas\/figuras.<\/p>\n<p><strong>\u00a0<\/strong><\/p>\n<p><strong>Editorial<\/strong><\/p>\n<p>Texto elaborado a convite do editor da JOTCI. N\u00e3o s\u00e3o aceitos editoriais enviados espontaneamente.<\/p>\n<p>Manuscrito limitado a 1.500 palavras (incluindo refer\u00eancias bibliogr\u00e1ficas), com, no m\u00e1ximo, tr\u00eas autores e dez refer\u00eancias.<\/p>\n<p><strong>\u00a0<\/strong><\/p>\n<p><strong>Imagem em Interven\u00e7\u00e3o Cardiovascular<\/strong><\/p>\n<p>Trata-se da publica\u00e7\u00e3o de imagens, incluindo angiografia, tomografia computadorizada, resson\u00e2ncia magn\u00e9tica, ultrassom intravascular e tomografia de coer\u00eancia \u00f3ptica, al\u00e9m da publica\u00e7\u00e3o de novas t\u00e9cnicas empregadas ou tratamentos in\u00e9ditos na especialidade. Esse texto n\u00e3o permite discuss\u00e3o por parte dos autores.<\/p>\n<p>Manuscrito limitado a 500 palavras, com, no m\u00e1ximo, tr\u00eas autores e uma figura. Tabelas e refer\u00eancias n\u00e3o s\u00e3o permitidas nesse tipo de artigo.<\/p>\n<p><strong>\u00a0<\/strong><\/p>\n<p><strong>Relato de Caso<\/strong><\/p>\n<p>Descri\u00e7\u00f5es de pacientes ou situa\u00e7\u00f5es especiais, doen\u00e7as especialmente raras, e formas inovadoras de diagn\u00f3stico ou tratamento configuram os Relatos de Caso. O texto \u00e9 composto de uma introdu\u00e7\u00e3o, que situa o leitor sobre a import\u00e2ncia do assunto e apresenta os objetivos dos relatos em quest\u00e3o, o relato propriamente e a discuss\u00e3o, que deve abordar aspectos relevantes do caso e compar\u00e1-los com os dados dispon\u00edveis na literatura. O resumo n\u00e3o deve ser estruturado e deve ter, no m\u00e1ximo, cem palavras.<\/p>\n<p>Manuscrito limitado a 2.500 palavras (incluindo refer\u00eancias, legendas das figuras e tabelas), com, no m\u00e1ximo, seis autores, 15 refer\u00eancias e quatro tabelas\/figuras.<\/p>\n","protected":false},"excerpt":{"rendered":"<p>Artigo Original S\u00e3o estudos randomizados, estudos observacionais e registros, bem como pesquisa b\u00e1sica com animais de experimenta\u00e7\u00e3o. O corpo do manuscrito deve apresentar introdu\u00e7\u00e3o, m\u00e9todos, resultados, discuss\u00e3o, conclus\u00e3o e agradecimentos (opcional). Manuscrito limitado a 5.000 palavras (incluindo refer\u00eancias, legendas das figuras e tabelas), com, no m\u00e1ximo, 12 autores, 35 refer\u00eancias e oito tabelas\/figuras. \u00a0 Artigo de Revis\u00e3o Nesta categoria, incluem-se avalia\u00e7\u00f5es cr\u00edticas e ordenadas da literatura sobre temas de interesse contempor\u00e2neo para os leitores, redigidas conforme sugest\u00e3o pr\u00e9via do corpo [&#8230;]<\/p>\n","protected":false},"author":3,"featured_media":0,"parent":0,"menu_order":0,"comment_status":"closed","ping_status":"closed","template":"","meta":{"footnotes":""},"class_list":["post-1682","page","type-page","status-publish","hentry"],"yoast_head":"<!-- This site is optimized with the Yoast SEO plugin v26.9 - https:\/\/yoast.com\/product\/yoast-seo-wordpress\/ -->\n<title>Categorias e estruturas dos artigos - Journal of Transcatheter Interventions<\/title>\n<meta name=\"robots\" content=\"index, follow, max-snippet:-1, max-image-preview:large, max-video-preview:-1\" \/>\n<link rel=\"canonical\" href=\"https:\/\/jotci.org\/pt-br\/estrutura\/\" \/>\n<meta property=\"og:locale\" content=\"pt_BR\" \/>\n<meta property=\"og:type\" content=\"article\" \/>\n<meta property=\"og:title\" content=\"Categorias e estruturas dos artigos - Journal of Transcatheter Interventions\" \/>\n<meta property=\"og:description\" content=\"Artigo Original S\u00e3o estudos randomizados, estudos observacionais e registros, bem como pesquisa b\u00e1sica com animais de experimenta\u00e7\u00e3o. O corpo do manuscrito deve apresentar introdu\u00e7\u00e3o, m\u00e9todos, resultados, discuss\u00e3o, conclus\u00e3o e agradecimentos (opcional). Manuscrito limitado a 5.000 palavras (incluindo refer\u00eancias, legendas das figuras e tabelas), com, no m\u00e1ximo, 12 autores, 35 refer\u00eancias e oito tabelas\/figuras. \u00a0 Artigo de Revis\u00e3o Nesta categoria, incluem-se avalia\u00e7\u00f5es cr\u00edticas e ordenadas da literatura sobre temas de interesse contempor\u00e2neo para os leitores, redigidas conforme sugest\u00e3o pr\u00e9via do corpo [...]\" \/>\n<meta property=\"og:url\" content=\"https:\/\/jotci.org\/pt-br\/estrutura\/\" \/>\n<meta property=\"og:site_name\" content=\"Journal of Transcatheter Interventions\" \/>\n<meta property=\"article:publisher\" content=\"https:\/\/www.facebook.com\/Sbhcicardiologia\" \/>\n<meta property=\"article:modified_time\" content=\"2022-03-04T11:01:56+00:00\" \/>\n<meta name=\"twitter:card\" content=\"summary_large_image\" \/>\n<meta name=\"twitter:site\" content=\"@sbci_org_br\" \/>\n<meta name=\"twitter:label1\" content=\"Est. tempo de leitura\" \/>\n\t<meta name=\"twitter:data1\" content=\"3 minutos\" \/>\n<script type=\"application\/ld+json\" class=\"yoast-schema-graph\">{\"@context\":\"https:\/\/schema.org\",\"@graph\":[{\"@type\":\"WebPage\",\"@id\":\"https:\/\/jotci.org\/pt-br\/estrutura\/\",\"url\":\"https:\/\/jotci.org\/pt-br\/estrutura\/\",\"name\":\"Categorias e estruturas dos artigos - Journal of Transcatheter Interventions\",\"isPartOf\":{\"@id\":\"https:\/\/jotci.org\/#website\"},\"datePublished\":\"2020-07-13T15:36:57+00:00\",\"dateModified\":\"2022-03-04T11:01:56+00:00\",\"breadcrumb\":{\"@id\":\"https:\/\/jotci.org\/pt-br\/estrutura\/#breadcrumb\"},\"inLanguage\":\"pt-BR\",\"potentialAction\":[{\"@type\":\"ReadAction\",\"target\":[\"https:\/\/jotci.org\/pt-br\/estrutura\/\"]}]},{\"@type\":\"BreadcrumbList\",\"@id\":\"https:\/\/jotci.org\/pt-br\/estrutura\/#breadcrumb\",\"itemListElement\":[{\"@type\":\"ListItem\",\"position\":1,\"name\":\"In\u00edcio\",\"item\":\"https:\/\/jotci.org\/pt-br\/\"},{\"@type\":\"ListItem\",\"position\":2,\"name\":\"Categorias e estruturas dos artigos\"}]},{\"@type\":\"WebSite\",\"@id\":\"https:\/\/jotci.org\/#website\",\"url\":\"https:\/\/jotci.org\/\",\"name\":\"Journal of Transcatheter Interventions\",\"description\":\"&lt;em&gt;(Continua\u00e7\u00e3o de: &lt;a href=&quot;http:\/\/www.rbci.org.br\/&quot;&gt;Revista Brasileira de Cardiologia Invasiva&lt;\/a&gt;)&lt;\/em&gt;&lt;br\/&gt;Publica\u00e7\u00e3o Oficial da &lt;a href=&quot;http:\/\/sbhci.org.br\/&quot;&gt;Sociedade Brasileira de Hemodin\u00e2mica e Cardiologia Intervencionista&lt;\/a&gt;\",\"potentialAction\":[{\"@type\":\"SearchAction\",\"target\":{\"@type\":\"EntryPoint\",\"urlTemplate\":\"https:\/\/jotci.org\/?s={search_term_string}\"},\"query-input\":{\"@type\":\"PropertyValueSpecification\",\"valueRequired\":true,\"valueName\":\"search_term_string\"}}],\"inLanguage\":\"pt-BR\"}]}<\/script>\n<!-- \/ Yoast SEO plugin. -->","yoast_head_json":{"title":"Categorias e estruturas dos artigos - Journal of Transcatheter Interventions","robots":{"index":"index","follow":"follow","max-snippet":"max-snippet:-1","max-image-preview":"max-image-preview:large","max-video-preview":"max-video-preview:-1"},"canonical":"https:\/\/jotci.org\/pt-br\/estrutura\/","og_locale":"pt_BR","og_type":"article","og_title":"Categorias e estruturas dos artigos - Journal of Transcatheter Interventions","og_description":"Artigo Original S\u00e3o estudos randomizados, estudos observacionais e registros, bem como pesquisa b\u00e1sica com animais de experimenta\u00e7\u00e3o. O corpo do manuscrito deve apresentar introdu\u00e7\u00e3o, m\u00e9todos, resultados, discuss\u00e3o, conclus\u00e3o e agradecimentos (opcional). Manuscrito limitado a 5.000 palavras (incluindo refer\u00eancias, legendas das figuras e tabelas), com, no m\u00e1ximo, 12 autores, 35 refer\u00eancias e oito tabelas\/figuras. \u00a0 Artigo de Revis\u00e3o Nesta categoria, incluem-se avalia\u00e7\u00f5es cr\u00edticas e ordenadas da literatura sobre temas de interesse contempor\u00e2neo para os leitores, redigidas conforme sugest\u00e3o pr\u00e9via do corpo [...]","og_url":"https:\/\/jotci.org\/pt-br\/estrutura\/","og_site_name":"Journal of Transcatheter Interventions","article_publisher":"https:\/\/www.facebook.com\/Sbhcicardiologia","article_modified_time":"2022-03-04T11:01:56+00:00","twitter_card":"summary_large_image","twitter_site":"@sbci_org_br","twitter_misc":{"Est. tempo de leitura":"3 minutos"},"schema":{"@context":"https:\/\/schema.org","@graph":[{"@type":"WebPage","@id":"https:\/\/jotci.org\/pt-br\/estrutura\/","url":"https:\/\/jotci.org\/pt-br\/estrutura\/","name":"Categorias e estruturas dos artigos - Journal of Transcatheter Interventions","isPartOf":{"@id":"https:\/\/jotci.org\/#website"},"datePublished":"2020-07-13T15:36:57+00:00","dateModified":"2022-03-04T11:01:56+00:00","breadcrumb":{"@id":"https:\/\/jotci.org\/pt-br\/estrutura\/#breadcrumb"},"inLanguage":"pt-BR","potentialAction":[{"@type":"ReadAction","target":["https:\/\/jotci.org\/pt-br\/estrutura\/"]}]},{"@type":"BreadcrumbList","@id":"https:\/\/jotci.org\/pt-br\/estrutura\/#breadcrumb","itemListElement":[{"@type":"ListItem","position":1,"name":"In\u00edcio","item":"https:\/\/jotci.org\/pt-br\/"},{"@type":"ListItem","position":2,"name":"Categorias e estruturas dos artigos"}]},{"@type":"WebSite","@id":"https:\/\/jotci.org\/#website","url":"https:\/\/jotci.org\/","name":"Journal of Transcatheter Interventions","description":"&lt;em&gt;(Continua\u00e7\u00e3o de: &lt;a href=&quot;http:\/\/www.rbci.org.br\/&quot;&gt;Revista Brasileira de Cardiologia Invasiva&lt;\/a&gt;)&lt;\/em&gt;&lt;br\/&gt;Publica\u00e7\u00e3o Oficial da &lt;a href=&quot;http:\/\/sbhci.org.br\/&quot;&gt;Sociedade Brasileira de Hemodin\u00e2mica e Cardiologia Intervencionista&lt;\/a&gt;","potentialAction":[{"@type":"SearchAction","target":{"@type":"EntryPoint","urlTemplate":"https:\/\/jotci.org\/?s={search_term_string}"},"query-input":{"@type":"PropertyValueSpecification","valueRequired":true,"valueName":"search_term_string"}}],"inLanguage":"pt-BR"}]}},"_links":{"self":[{"href":"https:\/\/jotci.org\/pt-br\/wp-json\/wp\/v2\/pages\/1682","targetHints":{"allow":["GET"]}}],"collection":[{"href":"https:\/\/jotci.org\/pt-br\/wp-json\/wp\/v2\/pages"}],"about":[{"href":"https:\/\/jotci.org\/pt-br\/wp-json\/wp\/v2\/types\/page"}],"author":[{"embeddable":true,"href":"https:\/\/jotci.org\/pt-br\/wp-json\/wp\/v2\/users\/3"}],"replies":[{"embeddable":true,"href":"https:\/\/jotci.org\/pt-br\/wp-json\/wp\/v2\/comments?post=1682"}],"version-history":[{"count":3,"href":"https:\/\/jotci.org\/pt-br\/wp-json\/wp\/v2\/pages\/1682\/revisions"}],"predecessor-version":[{"id":2194,"href":"https:\/\/jotci.org\/pt-br\/wp-json\/wp\/v2\/pages\/1682\/revisions\/2194"}],"wp:attachment":[{"href":"https:\/\/jotci.org\/pt-br\/wp-json\/wp\/v2\/media?parent=1682"}],"curies":[{"name":"wp","href":"https:\/\/api.w.org\/{rel}","templated":true}]}}