{"id":1687,"date":"2020-07-13T12:38:28","date_gmt":"2020-07-13T15:38:28","guid":{"rendered":"https:\/\/jotci.org\/?page_id=1687"},"modified":"2023-10-16T10:49:03","modified_gmt":"2023-10-16T13:49:03","slug":"editores","status":"publish","type":"page","link":"https:\/\/jotci.org\/pt-br\/editores\/","title":{"rendered":"Editores"},"content":{"rendered":"<p><strong>Editor-Chefe<\/strong><\/p>\n<p>Pedro Beraldo de Andrade \u2013 Santa Casa de Mar\u00edlia, Mar\u00edlia, SP, Brasil, <a href=\"https:\/\/orcid.org\/0000-0003-3511-7375\">0000-0003-3511-7375<\/a>, <a href=\"http:\/\/buscatextual.cnpq.br\/buscatextual\/visualizacv.do?id=K4454542D0&amp;tokenCaptchar=03AGdBq26dtmzQJ-psvH0F29b1NP9trcVV8rGkVS3CH16G2EwYn2U2uivNsVS0qsrnmwlnKnolg-5WYMvjN3lzfKkrrpR7i5MLasJfI8FVZCkUvvN7atQcvZJmjWzo0ygGS8xKwweP6JSPxYAQ9q6E3LKOnlfaWOBX5dIKmUA5AhUq445V34GW4ywe6jP5T_2-87B6iAV-hfByrvXE7j6qHnGwgw3wRO5PTMoysLkFvcvFX3OQh6wojy6N-6HOFyDIdxaAtbf_2I0rLlVjHz96l6xn0HkZME7BAsI38MpdOT5pClgjSdd-KL70slHH-4PLJeFm_dQGYUPUFEf7y9tu1y05GvICjz2HbCyw9tXTQlRgDPBa25AHIiW1tT6KZrMp4X3sHhzSVIV8AAm8x_LyddQgItuzjx9fUFMbiHrNZbGRVlOeIxKilHL9ZfjwJnZjdA-L2jFnMePBVkfWPSFsPIAQB6_2u53_ww\">http:\/\/lattes.cnpq.br\/2389205433624993<\/a><\/p>\n<p>&nbsp;<\/p>\n<p>&nbsp;<\/p>\n<p><strong>Editora Em\u00e9rita<\/strong><\/p>\n<p>\u00c1urea Chaves \u2013 Instituto Dante Pazzanese de Cardiologia, S\u00e3o Paulo, SP, Brasil,<a href=\"https:\/\/orcid.org\/0000-0002-1953-7962\"> 0000-0002-1953-7962<\/a>, <a href=\"http:\/\/buscatextual.cnpq.br\/buscatextual\/visualizacv.do?id=K4730692Z8\">http:\/\/lattes.cnpq.br\/9850832535115863<\/a><\/p>\n<p>&nbsp;<\/p>\n<p>&nbsp;<\/p>\n<p><strong>Editores Associados<\/strong><\/p>\n<p>Alexandre Ant\u00f4nio Cunha Abizaid \u2013 Instituto do Cora\u00e7\u00e3o, Hospital das Cl\u00ednicas, Faculdade de Medicina, Universidade de S\u00e3o Paulo, S\u00e3o Paulo, SP, Brasil, <a href=\"https:\/\/orcid.org\/0000-0001-8689-9990\">0000-0001-8689-9990<\/a>, <a href=\"http:\/\/buscatextual.cnpq.br\/buscatextual\/visualizacv.do?id=K4763093J1\">http:\/\/lattes.cnpq.br\/4839631020830371<\/a><\/p>\n<p>&nbsp;<\/p>\n<p>Alexandre Schaan de Quadros \u2013 Instituto de Cardiologia do Rio Grande do Sul, Porto Alegre, RS, Brasil, <a href=\"https:\/\/orcid.org\/0000-0002-3192-8835\">0000-0002-3192-8835<\/a>, <a href=\"http:\/\/buscatextual.cnpq.br\/buscatextual\/visualizacv.do?id=K4782612D9\">http:\/\/lattes.cnpq.br\/4090747618974354<\/a><\/p>\n<p>&nbsp;<\/p>\n<p>Ant\u00f4nio Massamitsu Kambara \u2013 Instituto Dante Pazzanese de Cardiologia, S\u00e3o Paulo, SP, Brasil, <a href=\"https:\/\/orcid.org\/0000-0001-6551-1942\">0000-0001-6551-1942<\/a>, <a href=\"http:\/\/buscatextual.cnpq.br\/buscatextual\/visualizacv.do?id=K4744230Y2\">http:\/\/lattes.cnpq.br\/9300899494927722<\/a><\/p>\n<p>&nbsp;<\/p>\n<p>Carlos Augusto Cardoso Pedra \u2013 Instituto Dante Pazzanese de Cardiologia, S\u00e3o Paulo, SP, Brasil,\u00a0<a href=\"http:\/\/buscatextual.cnpq.br\/buscatextual\/visualizacv.do?id=K4731674J8\">http:\/\/lattes.cnpq.br\/0633198874257667<\/a><\/p>\n<p>&nbsp;<\/p>\n<p>Claudia Maria Rodrigues Alves \u2013 Escola Paulista de Medicina, S\u00e3o Paulo, SP, Brasil, <a href=\"https:\/\/orcid.org\/0000-0003-1690-6184\">0000-0003-1690-6184<\/a>, <a href=\"http:\/\/buscatextual.cnpq.br\/buscatextual\/visualizacv.do?id=K4728383T9\">http:\/\/lattes.cnpq.br\/2790707448928018<\/a><\/p>\n<p>&nbsp;<\/p>\n<p>Cristiano de Oliveira Cardoso \u2013 Instituto de Cardiologia do Rio Grande do Sul, Porto Alegre, RS, Brasil, <a href=\"https:\/\/orcid.org\/0000-0003-1933-1507\">0000-0003-1933-1507<\/a>, <a href=\"http:\/\/buscatextual.cnpq.br\/buscatextual\/visualizacv.do?id=K4711772P7\">http:\/\/lattes.cnpq.br\/0050694486892454<\/a><\/p>\n<p>&nbsp;<\/p>\n<p>Daniel Silva Chami\u00e9 de Queiroz \u2013 Instituto Dante Pazzanese de Cardiologia, S\u00e3o Paulo, SP, Brasil, <a href=\"https:\/\/orcid.org\/0000-0003-3258-2458\">0000-0003-3258-2458<\/a>, <a href=\"http:\/\/buscatextual.cnpq.br\/buscatextual\/visualizacv.do?id=K8752404P0\">http:\/\/lattes.cnpq.br\/6326709806086894<\/a><\/p>\n<p>&nbsp;<\/p>\n<p>Fausto Feres \u2013 Instituto Dante Pazzanese de Cardiologia, S\u00e3o Paulo, SP, Brasil, <a href=\"https:\/\/orcid.org\/0000-0003-1754-8876\">0000-0003-1754-8876<\/a>, <a href=\"http:\/\/buscatextual.cnpq.br\/buscatextual\/visualizacv.do?id=K4201534Y1\">http:\/\/lattes.cnpq.br\/3984182576093373<\/a><\/p>\n<p>&nbsp;<\/p>\n<p>Fernanda Marinho Mangione \u2013 Hospital Benefic\u00eancia Portuguesa, S\u00e3o Paulo, SP, Brasil, <a href=\"https:\/\/orcid.org\/0000-0002-8212-1732\">0000-0002-8212-1732<\/a>, <a href=\"http:\/\/buscatextual.cnpq.br\/buscatextual\/visualizacv.do?id=K4423156E6\">http:\/\/lattes.cnpq.br\/3613375450591767<\/a><\/p>\n<p>&nbsp;<\/p>\n<p>Francisco Jos\u00e9 Ara\u00fajo Chami\u00e9 de Queiroz \u2013 Hospital Federal de Servidores do Estado, Rio de Janeiro, RJ, Brasil, <a href=\"https:\/\/orcid.org\/0000-0002-6004-4959\">0000-0002-6004-4959<\/a>,\u00a0<a href=\"http:\/\/buscatextual.cnpq.br\/buscatextual\/visualizacv.do?id=K4780710P4\">http:\/\/lattes.cnpq.br\/7469628249105713<\/a><\/p>\n<p>&nbsp;<\/p>\n<p>Gl\u00e1ucia Maria Moraes de Oliveira \u2013 Universidade Federal do Rio de Janeiro, Rio de Janeiro, RJ, Brasil, <a href=\"https:\/\/orcid.org\/0000-0002-0737-6188\">0000-0002-0737-6188<\/a>, <a href=\"http:\/\/buscatextual.cnpq.br\/buscatextual\/visualizacv.do?id=K4212377E0\">http:\/\/lattes.cnpq.br\/7081137143097605<\/a><\/p>\n<p>&nbsp;<\/p>\n<p>Jos\u00e9 Antonio Marin-Neto \u2013 Faculdade de Medicina de Ribeir\u00e3o Preto, Universidade de S\u00e3o Paulo, Ribeir\u00e3o Preto, SP, Brasil, <a href=\"https:\/\/orcid.org\/0000-0002-8651-8833\">0000-0002-8651-8833<\/a>, <a href=\"http:\/\/buscatextual.cnpq.br\/buscatextual\/visualizacv.do?id=K4788166J5&amp;tokenCaptchar=03AGdBq25CyZUKkO8eNWJDCGHWlIcnM8QV5eWR4KpeNNgamuz9S9z3hk4MkAwLJd7DDPbyXV4gzECAD7OXbF6MzOxLnsHPls2vPSvEu6THRPuAwtjBwcUJtEYeACYhqr8XMuPm2ymRrardI0kW4pjp15FK1JhENtP2VcF5_aGmQLjGmDIw6NvfyPpVa7CM5AMdIzMZ6HmXYMV9AiXjZ-493jG_HJkLEimC0USVVB0UkpTtyuyC-2A1VtAJnCAgg7X192HSIsB_8Il5Q33Dpoyz9L5h_lGFmjbQvCLUWganOoP-kRwRgJEDkN_fA3um_8TNANe-I2b9GoZ_f8kmAkBwHwhz38ta-caUPJHFDmHD_-BrZZyh62NBgt2M-YgBiLdvKVuYXO3StpJ5-946T8kr8GbnJDn2sGeonA\">http:\/\/lattes.cnpq.br\/0113088308433808<\/a><\/p>\n<p>&nbsp;<\/p>\n<p>Juliana Rodrigues Neves \u2013 Instituto de Medicina Integral Professor Fernando Figueira, IMIP, Recife, PE, Brasil, <a href=\"https:\/\/orcid.org\/0000-0002-1901-3974\">0000-0002-1901-3974<\/a>, <a href=\"http:\/\/buscatextual.cnpq.br\/buscatextual\/visualizacv.do?id=K4765096T3\">http:\/\/lattes.cnpq.br\/5543569499164808<\/a><\/p>\n<p>&nbsp;<\/p>\n<p>Luiz Alberto Piva e Mattos \u2013 Rede D\u2019Or de Hospitais, S\u00e3o Paulo, SP, Brasil, <a href=\"http:\/\/buscatextual.cnpq.br\/buscatextual\/visualizacv.do?id=K4730407E0\">http:\/\/lattes.cnpq.br\/1927071257990098<\/a><\/p>\n<p>&nbsp;<\/p>\n<p>Marcelo Jos\u00e9 de Carvalho Cantarelli \u2013 Hospital Bandeirantes, S\u00e3o Paulo, SP, Brasil, <a href=\"https:\/\/orcid.org\/0000-0003-3134-7691\">0000-0003-3134-7691<\/a>, <a href=\"http:\/\/buscatextual.cnpq.br\/buscatextual\/visualizacv.do?id=K4559453T2\">http:\/\/lattes.cnpq.br\/6604087592741124<\/a><\/p>\n<p>&nbsp;<\/p>\n<p>Maria Sanali Moura de Oliveira Paiva \u2013 Universidade Federal do Rio Grande do Norte, Natal, RN, Brasil, <a href=\"https:\/\/orcid.org\/0000-0002-6457-3217\">0000-0002-6457-3217<\/a>, <a href=\"http:\/\/buscatextual.cnpq.br\/buscatextual\/visualizacv.do?id=K4785394U7\">http:\/\/lattes.cnpq.br\/1789554697584994<\/a><\/p>\n<p>&nbsp;<\/p>\n<p>Rafael Alexandre Meneguz Moreno \u2013 Universidade Federal de Sergipe, Aracaju, SE, Brasil, <a href=\"https:\/\/orcid.org\/0000-0001-8274-1547\">0000-0001-8274-1547<\/a>, <a href=\"http:\/\/buscatextual.cnpq.br\/buscatextual\/visualizacv.do?id=K4265043T6\">http:\/\/lattes.cnpq.br\/3004528989600808<\/a><\/p>\n<p>&nbsp;<\/p>\n<p>Ricardo Alves da Costa \u2013 Instituto Dante Pazzanese de Cardiologia, S\u00e3o Paulo, SP, Brasil, <a href=\"https:\/\/orcid.org\/0000-0003-0319-3461\">0000-0003-0319-3461<\/a>, <a href=\"http:\/\/buscatextual.cnpq.br\/buscatextual\/visualizacv.do?id=K4252097P3&amp;tokenCaptchar=03AGdBq2520IXhIi2tIviEqIrZX3XjN3Y-mxyJ_2wS-s06tDLolLhM6xBXWeBoTqIaxzmOcIHCGPBpqcrggK_-gbFUm3m1bDiwp_h8pZ7O-UBXKR6KWFwSvWQspead3gTp_T0dSM8On-URJX-nnL4jPJZduqnnv9iV913IbCwz5la3aXf5rgmiRiGoRYt1nwQsiQ5iKEQjbC1M466FXEs7ESDDVxZfx4SBajA7Akded3rYWd59ivlalI0Ym6KenpVmdr_6kTFWQ0kxxpBfwJTRyNhcBvp718JyuIvznHW6gf0jMgZs36huZ9hujzr2Q9YJXulwoX6cpdX2itgCsEBWIu8t0PX3hGxfHpku4F_WBJDHZ5PgCxWSUFBFMX99JfH3ek9PPfnq6BH0AkCPFc0rPR_497xPk0ZvWzrv7SxNvRZ5uJfwIs0XxATR5Clp2180EX_9nmqd_I-1YfHL-fKMWB2Uhfdu3G3GaA\">http:\/\/lattes.cnpq.br\/9026960797701119<\/a><\/p>\n<p>&nbsp;<\/p>\n<p>Roberto Leo da Silva \u2013 Instituto de Cardiologia de Santa Catarina, Florian\u00f3polis, SC, Brasil, <a href=\"https:\/\/orcid.org\/0000-0002-7847-4009\">0000-0002-7847-4009<\/a>, \u00a0<a href=\"http:\/\/buscatextual.cnpq.br\/buscatextual\/visualizacv.do?id=K4434639U4\">http:\/\/lattes.cnpq.br\/6128581476951241<\/a><\/p>\n<p>&nbsp;<\/p>\n<p>Rodolfo Staico \u2013 Instituto Dante Pazzanese de Cardiologia, S\u00e3o Paulo, SP, Brasil, <a href=\"https:\/\/orcid.org\/0000-0003-4610-6081\">0000-0003-4610-6081<\/a>, <a href=\"http:\/\/buscatextual.cnpq.br\/buscatextual\/visualizacv.do?id=K4775765U1&amp;tokenCaptchar=03AGdBq26CYCK_Zk927hUWptXOZqvjMfi9n2BgmhDdK8S2cue0PZ3_JUFU0HfrbzkpX-HTHKqnEV9MnFdkoDZE__yR6682m4F6mLB7aLWF5mcxQ89rwZ58zdeDTxLaceIdAr-lIOz4XYyud1nHiFRQoKIJjaMY8KvGMiYW2JygEELVEp29na4w949GfCNa_5hKQioAbdhKiVXYLcrvCS13IyA7CCr4cWGRxpYUZw8kLmo4uFbzbH0wL8vD1nKpsnQ_kB4vFSypPfQQvmyJXtSW_BjaOk9kDsy6hEO3Za_bHnMPTBjI3tpEWukWmtVNXUKixn3HCyThSJSFG8xpJGvzgOUA0IacMveKRKJtgMuRxt2ctphBkrmjL-F7e-Ldo2wmESp8BIKz3d5XvPittclRrX9VzKCF_rtKYw\">http:\/\/lattes.cnpq.br\/1994194960189848<\/a><\/p>\n<p>&nbsp;<\/p>\n<p>Rog\u00e9rio Eduardo Gomes Sarmento Leite \u2013 Instituto de Cardiologia do Rio Grande do Sul, Porto Alegre, RS, Brasil, <a href=\"https:\/\/orcid.org\/0000-0002-9674-8528\">0000-0002-9674-8528<\/a>, <a href=\"http:\/\/buscatextual.cnpq.br\/buscatextual\/visualizacv.do?id=K4797995Y6\">http:\/\/lattes.cnpq.br\/9515012929015348<\/a><\/p>\n<p>&nbsp;<\/p>\n<p>Viviana de Mello Guzzo Lemke \u2013 Hospital das Na\u00e7\u00f5es, Curitiba, PR, Brasil, <a href=\"https:\/\/orcid.org\/0000-0002-0732-9920\">0000-0002-0732-9920<\/a>, \u00a0<a href=\"http:\/\/buscatextual.cnpq.br\/buscatextual\/visualizacv.do?id=K4201731Z3\">http:\/\/lattes.cnpq.br\/5362931318976812<\/a><\/p>\n<p style=\"font-weight: 400;\">Atualizado em: 16 de outubro de 2023.<\/p>\n","protected":false},"excerpt":{"rendered":"<p>Editor-Chefe Pedro Beraldo de Andrade \u2013 Santa Casa de Mar\u00edlia, Mar\u00edlia, SP, Brasil, 0000-0003-3511-7375, http:\/\/lattes.cnpq.br\/2389205433624993 &nbsp; &nbsp; Editora Em\u00e9rita \u00c1urea Chaves \u2013 Instituto Dante Pazzanese de Cardiologia, S\u00e3o Paulo, SP, Brasil, 0000-0002-1953-7962, http:\/\/lattes.cnpq.br\/9850832535115863 &nbsp; &nbsp; Editores Associados Alexandre Ant\u00f4nio Cunha Abizaid \u2013 Instituto do Cora\u00e7\u00e3o, Hospital das Cl\u00ednicas, Faculdade de Medicina, Universidade de S\u00e3o Paulo, S\u00e3o Paulo, SP, Brasil, 0000-0001-8689-9990, http:\/\/lattes.cnpq.br\/4839631020830371 &nbsp; Alexandre Schaan de Quadros \u2013 Instituto de Cardiologia do Rio Grande do Sul, Porto Alegre, RS, Brasil, 0000-0002-3192-8835, [&#8230;]<\/p>\n","protected":false},"author":3,"featured_media":0,"parent":0,"menu_order":0,"comment_status":"closed","ping_status":"closed","template":"","meta":{"footnotes":""},"class_list":["post-1687","page","type-page","status-publish","hentry"],"yoast_head":"<!-- This site is optimized with the Yoast SEO plugin v26.9 - https:\/\/yoast.com\/product\/yoast-seo-wordpress\/ -->\n<title>Editores - Journal of Transcatheter Interventions<\/title>\n<meta name=\"robots\" content=\"index, follow, max-snippet:-1, max-image-preview:large, max-video-preview:-1\" \/>\n<link rel=\"canonical\" href=\"https:\/\/jotci.org\/pt-br\/editores\/\" \/>\n<meta property=\"og:locale\" content=\"pt_BR\" \/>\n<meta property=\"og:type\" content=\"article\" \/>\n<meta property=\"og:title\" content=\"Editores - Journal of Transcatheter Interventions\" \/>\n<meta property=\"og:description\" content=\"Editor-Chefe Pedro Beraldo de Andrade \u2013 Santa Casa de Mar\u00edlia, Mar\u00edlia, SP, Brasil, 0000-0003-3511-7375, http:\/\/lattes.cnpq.br\/2389205433624993 &nbsp; &nbsp; Editora Em\u00e9rita \u00c1urea Chaves \u2013 Instituto Dante Pazzanese de Cardiologia, S\u00e3o Paulo, SP, Brasil, 0000-0002-1953-7962, http:\/\/lattes.cnpq.br\/9850832535115863 &nbsp; &nbsp; Editores Associados Alexandre Ant\u00f4nio Cunha Abizaid \u2013 Instituto do Cora\u00e7\u00e3o, Hospital das Cl\u00ednicas, Faculdade de Medicina, Universidade de S\u00e3o Paulo, S\u00e3o Paulo, SP, Brasil, 0000-0001-8689-9990, http:\/\/lattes.cnpq.br\/4839631020830371 &nbsp; Alexandre Schaan de Quadros \u2013 Instituto de Cardiologia do Rio Grande do Sul, Porto Alegre, RS, Brasil, 0000-0002-3192-8835, [...]\" \/>\n<meta property=\"og:url\" content=\"https:\/\/jotci.org\/pt-br\/editores\/\" \/>\n<meta property=\"og:site_name\" content=\"Journal of Transcatheter Interventions\" \/>\n<meta property=\"article:publisher\" content=\"https:\/\/www.facebook.com\/Sbhcicardiologia\" \/>\n<meta property=\"article:modified_time\" content=\"2023-10-16T13:49:03+00:00\" \/>\n<meta name=\"twitter:card\" content=\"summary_large_image\" \/>\n<meta name=\"twitter:site\" content=\"@sbci_org_br\" \/>\n<meta name=\"twitter:label1\" content=\"Est. tempo de leitura\" \/>\n\t<meta name=\"twitter:data1\" content=\"3 minutos\" \/>\n<script type=\"application\/ld+json\" class=\"yoast-schema-graph\">{\"@context\":\"https:\/\/schema.org\",\"@graph\":[{\"@type\":\"WebPage\",\"@id\":\"https:\/\/jotci.org\/pt-br\/editores\/\",\"url\":\"https:\/\/jotci.org\/pt-br\/editores\/\",\"name\":\"Editores - Journal of Transcatheter Interventions\",\"isPartOf\":{\"@id\":\"https:\/\/jotci.org\/#website\"},\"datePublished\":\"2020-07-13T15:38:28+00:00\",\"dateModified\":\"2023-10-16T13:49:03+00:00\",\"breadcrumb\":{\"@id\":\"https:\/\/jotci.org\/pt-br\/editores\/#breadcrumb\"},\"inLanguage\":\"pt-BR\",\"potentialAction\":[{\"@type\":\"ReadAction\",\"target\":[\"https:\/\/jotci.org\/pt-br\/editores\/\"]}]},{\"@type\":\"BreadcrumbList\",\"@id\":\"https:\/\/jotci.org\/pt-br\/editores\/#breadcrumb\",\"itemListElement\":[{\"@type\":\"ListItem\",\"position\":1,\"name\":\"In\u00edcio\",\"item\":\"https:\/\/jotci.org\/pt-br\/\"},{\"@type\":\"ListItem\",\"position\":2,\"name\":\"Editores\"}]},{\"@type\":\"WebSite\",\"@id\":\"https:\/\/jotci.org\/#website\",\"url\":\"https:\/\/jotci.org\/\",\"name\":\"Journal of Transcatheter Interventions\",\"description\":\"&lt;em&gt;(Continua\u00e7\u00e3o de: &lt;a href=&quot;http:\/\/www.rbci.org.br\/&quot;&gt;Revista Brasileira de Cardiologia Invasiva&lt;\/a&gt;)&lt;\/em&gt;&lt;br\/&gt;Publica\u00e7\u00e3o Oficial da &lt;a href=&quot;http:\/\/sbhci.org.br\/&quot;&gt;Sociedade Brasileira de Hemodin\u00e2mica e Cardiologia Intervencionista&lt;\/a&gt;\",\"potentialAction\":[{\"@type\":\"SearchAction\",\"target\":{\"@type\":\"EntryPoint\",\"urlTemplate\":\"https:\/\/jotci.org\/?s={search_term_string}\"},\"query-input\":{\"@type\":\"PropertyValueSpecification\",\"valueRequired\":true,\"valueName\":\"search_term_string\"}}],\"inLanguage\":\"pt-BR\"}]}<\/script>\n<!-- \/ Yoast SEO plugin. -->","yoast_head_json":{"title":"Editores - Journal of Transcatheter Interventions","robots":{"index":"index","follow":"follow","max-snippet":"max-snippet:-1","max-image-preview":"max-image-preview:large","max-video-preview":"max-video-preview:-1"},"canonical":"https:\/\/jotci.org\/pt-br\/editores\/","og_locale":"pt_BR","og_type":"article","og_title":"Editores - Journal of Transcatheter Interventions","og_description":"Editor-Chefe Pedro Beraldo de Andrade \u2013 Santa Casa de Mar\u00edlia, Mar\u00edlia, SP, Brasil, 0000-0003-3511-7375, http:\/\/lattes.cnpq.br\/2389205433624993 &nbsp; &nbsp; Editora Em\u00e9rita \u00c1urea Chaves \u2013 Instituto Dante Pazzanese de Cardiologia, S\u00e3o Paulo, SP, Brasil, 0000-0002-1953-7962, http:\/\/lattes.cnpq.br\/9850832535115863 &nbsp; &nbsp; Editores Associados Alexandre Ant\u00f4nio Cunha Abizaid \u2013 Instituto do Cora\u00e7\u00e3o, Hospital das Cl\u00ednicas, Faculdade de Medicina, Universidade de S\u00e3o Paulo, S\u00e3o Paulo, SP, Brasil, 0000-0001-8689-9990, http:\/\/lattes.cnpq.br\/4839631020830371 &nbsp; Alexandre Schaan de Quadros \u2013 Instituto de Cardiologia do Rio Grande do Sul, Porto Alegre, RS, Brasil, 0000-0002-3192-8835, [...]","og_url":"https:\/\/jotci.org\/pt-br\/editores\/","og_site_name":"Journal of Transcatheter Interventions","article_publisher":"https:\/\/www.facebook.com\/Sbhcicardiologia","article_modified_time":"2023-10-16T13:49:03+00:00","twitter_card":"summary_large_image","twitter_site":"@sbci_org_br","twitter_misc":{"Est. tempo de leitura":"3 minutos"},"schema":{"@context":"https:\/\/schema.org","@graph":[{"@type":"WebPage","@id":"https:\/\/jotci.org\/pt-br\/editores\/","url":"https:\/\/jotci.org\/pt-br\/editores\/","name":"Editores - Journal of Transcatheter Interventions","isPartOf":{"@id":"https:\/\/jotci.org\/#website"},"datePublished":"2020-07-13T15:38:28+00:00","dateModified":"2023-10-16T13:49:03+00:00","breadcrumb":{"@id":"https:\/\/jotci.org\/pt-br\/editores\/#breadcrumb"},"inLanguage":"pt-BR","potentialAction":[{"@type":"ReadAction","target":["https:\/\/jotci.org\/pt-br\/editores\/"]}]},{"@type":"BreadcrumbList","@id":"https:\/\/jotci.org\/pt-br\/editores\/#breadcrumb","itemListElement":[{"@type":"ListItem","position":1,"name":"In\u00edcio","item":"https:\/\/jotci.org\/pt-br\/"},{"@type":"ListItem","position":2,"name":"Editores"}]},{"@type":"WebSite","@id":"https:\/\/jotci.org\/#website","url":"https:\/\/jotci.org\/","name":"Journal of Transcatheter Interventions","description":"&lt;em&gt;(Continua\u00e7\u00e3o de: &lt;a href=&quot;http:\/\/www.rbci.org.br\/&quot;&gt;Revista Brasileira de Cardiologia Invasiva&lt;\/a&gt;)&lt;\/em&gt;&lt;br\/&gt;Publica\u00e7\u00e3o Oficial da &lt;a href=&quot;http:\/\/sbhci.org.br\/&quot;&gt;Sociedade Brasileira de Hemodin\u00e2mica e Cardiologia Intervencionista&lt;\/a&gt;","potentialAction":[{"@type":"SearchAction","target":{"@type":"EntryPoint","urlTemplate":"https:\/\/jotci.org\/?s={search_term_string}"},"query-input":{"@type":"PropertyValueSpecification","valueRequired":true,"valueName":"search_term_string"}}],"inLanguage":"pt-BR"}]}},"_links":{"self":[{"href":"https:\/\/jotci.org\/pt-br\/wp-json\/wp\/v2\/pages\/1687","targetHints":{"allow":["GET"]}}],"collection":[{"href":"https:\/\/jotci.org\/pt-br\/wp-json\/wp\/v2\/pages"}],"about":[{"href":"https:\/\/jotci.org\/pt-br\/wp-json\/wp\/v2\/types\/page"}],"author":[{"embeddable":true,"href":"https:\/\/jotci.org\/pt-br\/wp-json\/wp\/v2\/users\/3"}],"replies":[{"embeddable":true,"href":"https:\/\/jotci.org\/pt-br\/wp-json\/wp\/v2\/comments?post=1687"}],"version-history":[{"count":5,"href":"https:\/\/jotci.org\/pt-br\/wp-json\/wp\/v2\/pages\/1687\/revisions"}],"predecessor-version":[{"id":2511,"href":"https:\/\/jotci.org\/pt-br\/wp-json\/wp\/v2\/pages\/1687\/revisions\/2511"}],"wp:attachment":[{"href":"https:\/\/jotci.org\/pt-br\/wp-json\/wp\/v2\/media?parent=1687"}],"curies":[{"name":"wp","href":"https:\/\/api.w.org\/{rel}","templated":true}]}}