{"id":1699,"date":"2020-07-13T12:44:04","date_gmt":"2020-07-13T15:44:04","guid":{"rendered":"https:\/\/jotci.org\/?page_id=1699"},"modified":"2023-10-17T08:20:42","modified_gmt":"2023-10-17T11:20:42","slug":"expediente-2","status":"publish","type":"page","link":"https:\/\/jotci.org\/pt-br\/expediente-2\/","title":{"rendered":"Expediente"},"content":{"rendered":"<p><strong>Secretaria editorial<\/strong>: Viviane Zeppelini<\/p>\n<p>viviane.revisao@gmail.com<\/p>\n<p>&nbsp;<\/p>\n<p><strong>Revis\u00e3o t\u00e9cnica<\/strong>: Edna Terezinha Rother<\/p>\n<p><a href=\"mailto:ednarother@gmail.com\">ednarother@gmail.com<\/a><\/p>\n<p>&nbsp;<\/p>\n<p><strong>Revis\u00e3o ortogr\u00e1fica<\/strong>: Viviane Zeppelini<\/p>\n<p><a href=\"mailto:viviane.revisao@gmail.com\">viviane.revisao@gmail.com<\/a><\/p>\n<p>&nbsp;<\/p>\n<p><strong>Tradu\u00e7\u00e3o<\/strong>: Suzana Gontijo<\/p>\n<p><a href=\"mailto:gontijosuzana@gmail.com\">gontijosuzana@gmail.com<\/a><\/p>\n<p>&nbsp;<\/p>\n<p><strong>Projeto gr\u00e1fico e diagrama\u00e7\u00e3o<\/strong>: Rudolf Servi\u00e7os Gr\u00e1ficos<\/p>\n<p>atendimento_rudolf@terra.com.br<\/p>\n<p>&nbsp;<\/p>\n<p>Atualizado em: 16 de outubro de 2023.<\/p>\n","protected":false},"excerpt":{"rendered":"<p>Secretaria editorial: Viviane Zeppelini viviane.revisao@gmail.com &nbsp; Revis\u00e3o t\u00e9cnica: Edna Terezinha Rother ednarother@gmail.com &nbsp; Revis\u00e3o ortogr\u00e1fica: Viviane Zeppelini viviane.revisao@gmail.com &nbsp; Tradu\u00e7\u00e3o: Suzana Gontijo gontijosuzana@gmail.com &nbsp; Projeto gr\u00e1fico e diagrama\u00e7\u00e3o: Rudolf Servi\u00e7os Gr\u00e1ficos atendimento_rudolf@terra.com.br &nbsp; Atualizado em: 16 de outubro de 2023.<\/p>\n","protected":false},"author":3,"featured_media":0,"parent":0,"menu_order":0,"comment_status":"closed","ping_status":"closed","template":"","meta":{"footnotes":""},"class_list":["post-1699","page","type-page","status-publish","hentry"],"yoast_head":"<!-- This site is optimized with the Yoast SEO plugin v26.9 - https:\/\/yoast.com\/product\/yoast-seo-wordpress\/ -->\n<title>Expediente - Journal of Transcatheter Interventions<\/title>\n<meta name=\"robots\" content=\"index, follow, max-snippet:-1, max-image-preview:large, max-video-preview:-1\" \/>\n<link rel=\"canonical\" href=\"https:\/\/jotci.org\/pt-br\/expediente-2\/\" \/>\n<meta property=\"og:locale\" content=\"pt_BR\" \/>\n<meta property=\"og:type\" content=\"article\" \/>\n<meta property=\"og:title\" content=\"Expediente - Journal of Transcatheter Interventions\" \/>\n<meta property=\"og:description\" content=\"Secretaria editorial: Viviane Zeppelini viviane.revisao@gmail.com &nbsp; Revis\u00e3o t\u00e9cnica: Edna Terezinha Rother ednarother@gmail.com &nbsp; Revis\u00e3o ortogr\u00e1fica: Viviane Zeppelini viviane.revisao@gmail.com &nbsp; Tradu\u00e7\u00e3o: Suzana Gontijo gontijosuzana@gmail.com &nbsp; Projeto gr\u00e1fico e diagrama\u00e7\u00e3o: Rudolf Servi\u00e7os Gr\u00e1ficos atendimento_rudolf@terra.com.br &nbsp; Atualizado em: 16 de outubro de 2023.\" \/>\n<meta property=\"og:url\" content=\"https:\/\/jotci.org\/pt-br\/expediente-2\/\" \/>\n<meta property=\"og:site_name\" content=\"Journal of Transcatheter Interventions\" \/>\n<meta property=\"article:publisher\" content=\"https:\/\/www.facebook.com\/Sbhcicardiologia\" \/>\n<meta property=\"article:modified_time\" content=\"2023-10-17T11:20:42+00:00\" \/>\n<meta name=\"twitter:card\" content=\"summary_large_image\" \/>\n<meta name=\"twitter:site\" content=\"@sbci_org_br\" \/>\n<meta name=\"twitter:label1\" content=\"Est. tempo de leitura\" \/>\n\t<meta name=\"twitter:data1\" content=\"1 minuto\" \/>\n<script type=\"application\/ld+json\" class=\"yoast-schema-graph\">{\"@context\":\"https:\/\/schema.org\",\"@graph\":[{\"@type\":\"WebPage\",\"@id\":\"https:\/\/jotci.org\/pt-br\/expediente-2\/\",\"url\":\"https:\/\/jotci.org\/pt-br\/expediente-2\/\",\"name\":\"Expediente - Journal of Transcatheter Interventions\",\"isPartOf\":{\"@id\":\"https:\/\/jotci.org\/#website\"},\"datePublished\":\"2020-07-13T15:44:04+00:00\",\"dateModified\":\"2023-10-17T11:20:42+00:00\",\"breadcrumb\":{\"@id\":\"https:\/\/jotci.org\/pt-br\/expediente-2\/#breadcrumb\"},\"inLanguage\":\"pt-BR\",\"potentialAction\":[{\"@type\":\"ReadAction\",\"target\":[\"https:\/\/jotci.org\/pt-br\/expediente-2\/\"]}]},{\"@type\":\"BreadcrumbList\",\"@id\":\"https:\/\/jotci.org\/pt-br\/expediente-2\/#breadcrumb\",\"itemListElement\":[{\"@type\":\"ListItem\",\"position\":1,\"name\":\"In\u00edcio\",\"item\":\"https:\/\/jotci.org\/pt-br\/\"},{\"@type\":\"ListItem\",\"position\":2,\"name\":\"Expediente\"}]},{\"@type\":\"WebSite\",\"@id\":\"https:\/\/jotci.org\/#website\",\"url\":\"https:\/\/jotci.org\/\",\"name\":\"Journal of Transcatheter Interventions\",\"description\":\"&lt;em&gt;(Continua\u00e7\u00e3o de: &lt;a href=&quot;http:\/\/www.rbci.org.br\/&quot;&gt;Revista Brasileira de Cardiologia Invasiva&lt;\/a&gt;)&lt;\/em&gt;&lt;br\/&gt;Publica\u00e7\u00e3o Oficial da &lt;a href=&quot;http:\/\/sbhci.org.br\/&quot;&gt;Sociedade Brasileira de Hemodin\u00e2mica e Cardiologia Intervencionista&lt;\/a&gt;\",\"potentialAction\":[{\"@type\":\"SearchAction\",\"target\":{\"@type\":\"EntryPoint\",\"urlTemplate\":\"https:\/\/jotci.org\/?s={search_term_string}\"},\"query-input\":{\"@type\":\"PropertyValueSpecification\",\"valueRequired\":true,\"valueName\":\"search_term_string\"}}],\"inLanguage\":\"pt-BR\"}]}<\/script>\n<!-- \/ Yoast SEO plugin. -->","yoast_head_json":{"title":"Expediente - Journal of Transcatheter Interventions","robots":{"index":"index","follow":"follow","max-snippet":"max-snippet:-1","max-image-preview":"max-image-preview:large","max-video-preview":"max-video-preview:-1"},"canonical":"https:\/\/jotci.org\/pt-br\/expediente-2\/","og_locale":"pt_BR","og_type":"article","og_title":"Expediente - Journal of Transcatheter Interventions","og_description":"Secretaria editorial: Viviane Zeppelini viviane.revisao@gmail.com &nbsp; Revis\u00e3o t\u00e9cnica: Edna Terezinha Rother ednarother@gmail.com &nbsp; Revis\u00e3o ortogr\u00e1fica: Viviane Zeppelini viviane.revisao@gmail.com &nbsp; Tradu\u00e7\u00e3o: Suzana Gontijo gontijosuzana@gmail.com &nbsp; Projeto gr\u00e1fico e diagrama\u00e7\u00e3o: Rudolf Servi\u00e7os Gr\u00e1ficos atendimento_rudolf@terra.com.br &nbsp; Atualizado em: 16 de outubro de 2023.","og_url":"https:\/\/jotci.org\/pt-br\/expediente-2\/","og_site_name":"Journal of Transcatheter Interventions","article_publisher":"https:\/\/www.facebook.com\/Sbhcicardiologia","article_modified_time":"2023-10-17T11:20:42+00:00","twitter_card":"summary_large_image","twitter_site":"@sbci_org_br","twitter_misc":{"Est. tempo de leitura":"1 minuto"},"schema":{"@context":"https:\/\/schema.org","@graph":[{"@type":"WebPage","@id":"https:\/\/jotci.org\/pt-br\/expediente-2\/","url":"https:\/\/jotci.org\/pt-br\/expediente-2\/","name":"Expediente - Journal of Transcatheter Interventions","isPartOf":{"@id":"https:\/\/jotci.org\/#website"},"datePublished":"2020-07-13T15:44:04+00:00","dateModified":"2023-10-17T11:20:42+00:00","breadcrumb":{"@id":"https:\/\/jotci.org\/pt-br\/expediente-2\/#breadcrumb"},"inLanguage":"pt-BR","potentialAction":[{"@type":"ReadAction","target":["https:\/\/jotci.org\/pt-br\/expediente-2\/"]}]},{"@type":"BreadcrumbList","@id":"https:\/\/jotci.org\/pt-br\/expediente-2\/#breadcrumb","itemListElement":[{"@type":"ListItem","position":1,"name":"In\u00edcio","item":"https:\/\/jotci.org\/pt-br\/"},{"@type":"ListItem","position":2,"name":"Expediente"}]},{"@type":"WebSite","@id":"https:\/\/jotci.org\/#website","url":"https:\/\/jotci.org\/","name":"Journal of Transcatheter Interventions","description":"&lt;em&gt;(Continua\u00e7\u00e3o de: &lt;a href=&quot;http:\/\/www.rbci.org.br\/&quot;&gt;Revista Brasileira de Cardiologia Invasiva&lt;\/a&gt;)&lt;\/em&gt;&lt;br\/&gt;Publica\u00e7\u00e3o Oficial da &lt;a href=&quot;http:\/\/sbhci.org.br\/&quot;&gt;Sociedade Brasileira de Hemodin\u00e2mica e Cardiologia Intervencionista&lt;\/a&gt;","potentialAction":[{"@type":"SearchAction","target":{"@type":"EntryPoint","urlTemplate":"https:\/\/jotci.org\/?s={search_term_string}"},"query-input":{"@type":"PropertyValueSpecification","valueRequired":true,"valueName":"search_term_string"}}],"inLanguage":"pt-BR"}]}},"_links":{"self":[{"href":"https:\/\/jotci.org\/pt-br\/wp-json\/wp\/v2\/pages\/1699","targetHints":{"allow":["GET"]}}],"collection":[{"href":"https:\/\/jotci.org\/pt-br\/wp-json\/wp\/v2\/pages"}],"about":[{"href":"https:\/\/jotci.org\/pt-br\/wp-json\/wp\/v2\/types\/page"}],"author":[{"embeddable":true,"href":"https:\/\/jotci.org\/pt-br\/wp-json\/wp\/v2\/users\/3"}],"replies":[{"embeddable":true,"href":"https:\/\/jotci.org\/pt-br\/wp-json\/wp\/v2\/comments?post=1699"}],"version-history":[{"count":2,"href":"https:\/\/jotci.org\/pt-br\/wp-json\/wp\/v2\/pages\/1699\/revisions"}],"predecessor-version":[{"id":2523,"href":"https:\/\/jotci.org\/pt-br\/wp-json\/wp\/v2\/pages\/1699\/revisions\/2523"}],"wp:attachment":[{"href":"https:\/\/jotci.org\/pt-br\/wp-json\/wp\/v2\/media?parent=1699"}],"curies":[{"name":"wp","href":"https:\/\/api.w.org\/{rel}","templated":true}]}}