{"id":1722,"date":"2020-07-13T12:54:13","date_gmt":"2020-07-13T15:54:13","guid":{"rendered":"https:\/\/jotci.org\/?page_id=1722"},"modified":"2023-10-17T08:37:05","modified_gmt":"2023-10-17T11:37:05","slug":"avaliacao-dos-manuscritos","status":"publish","type":"page","link":"https:\/\/jotci.org\/pt-br\/avaliacao-dos-manuscritos\/","title":{"rendered":"Avalia\u00e7\u00e3o dos manuscritos"},"content":{"rendered":"<p>Todos os artigos a serem avaliados para publica\u00e7\u00e3o nesta revista devem ser enviados pelo sistema ScholarOne\u2122, clicando no bot\u00e3o \u201c<a href=\"https:\/\/www.youtube.com\/watch?v=SsVMmAd_tQ4\">Submiss\u00e3o de artigos<\/a>\u201d. N\u00e3o s\u00e3o aceitos para avalia\u00e7\u00e3o manuscritos enviados por e-mail.<\/p>\n<p>Ap\u00f3s a submiss\u00e3o, a secretaria editorial revisa se as normas gerais para elabora\u00e7\u00e3o do artigo foram seguidas e se o conte\u00fado foi submetido integralmente (figuras com qualidade adequada, tabelas, carta de submiss\u00e3o, declara\u00e7\u00f5es de conflito de interesse e de fonte de financiamento, aprova\u00e7\u00e3o do Comit\u00ea de \u00c9tica e apresenta\u00e7\u00e3o do Certificado de Apresenta\u00e7\u00e3o de Aprecia\u00e7\u00e3o \u00c9tica\u00a0para artigos originais e relatos de caso etc.). Artigos que n\u00e3o seguirem essas observa\u00e7\u00f5es gerais s\u00e3o imediatamente devolvidos aos autores, com data prevista para seu retorno para nova avalia\u00e7\u00e3o dos crit\u00e9rios gerais.<\/p>\n<p>Os manuscritos s\u00e3o analisados pelo editor-chefe, que decide por seu envio ou n\u00e3o para a revis\u00e3o dos pares (<em>peer review<\/em>). Os artigos s\u00e3o avaliados sempre por pelo menos dois revisores. No caso de discord\u00e2ncia entre eles, pode ser solicitada nova opini\u00e3o para decis\u00e3o editorial. Ap\u00f3s a revis\u00e3o inicial dos pares, os artigos s\u00e3o encaminhados para o autor, para as corre\u00e7\u00f5es solicitadas, e retornam para os revisores, que analisam as modifica\u00e7\u00f5es, podendo solicitar novas altera\u00e7\u00f5es ou emitir sua recomenda\u00e7\u00e3o para publica\u00e7\u00e3o ou rejei\u00e7\u00e3o.<\/p>\n<p>Com base nas recomenda\u00e7\u00f5es dos pares, o artigo volta para o editor-chefe, que toma a decis\u00e3o final de novas corre\u00e7\u00f5es t\u00e9cnicas, publica\u00e7\u00e3o ou rejei\u00e7\u00e3o, sendo esta comunicada ao autor correspondente.<\/p>\n<p>Ap\u00f3s esta fase, todos os artigos aprovados s\u00e3o inclu\u00eddos no fluxo do processo editorial propriamente dito, que consiste em revis\u00e3o gramatical, revis\u00e3o t\u00e9cnica para adequa\u00e7\u00e3o \u00e0 reda\u00e7\u00e3o cient\u00edfica, tradu\u00e7\u00e3o por especialista em l\u00edngua inglesa e diagrama\u00e7\u00e3o. Ap\u00f3s a diagrama\u00e7\u00e3o, o autor recebe um PDF para revis\u00e3o e aprova\u00e7\u00e3o do conte\u00fado. O prazo para aprova\u00e7\u00e3o do PDF pelo autor \u00e9 de 48 horas e, esgotado este prazo, o conte\u00fado \u00e9 considerado aprovado, mesmo que o autor n\u00e3o informe aprova\u00e7\u00e3o.<\/p>\n<p style=\"font-weight: 400;\">O <em>Journal of Transcatheter Interventions<\/em> aceita manuscritos j\u00e1 disponibilizados como <em>preprint<\/em>, os quais, por\u00e9m, passam pela fase de revis\u00e3o dos pares, como qualquer outro manuscrito submetido \u00e0 revista, podendo ser aceitos ou n\u00e3o ap\u00f3s essa avalia\u00e7\u00e3o.<\/p>\n<p style=\"font-weight: 400;\">Este peri\u00f3dico tamb\u00e9m apoia o movimento da Ci\u00eancia Aberta, mas ainda n\u00e3o exige que os dados das pesquisas estejam em dom\u00ednios p\u00fablicos. Os autores, contudo, t\u00eam o compromisso de disponibiliz\u00e1-los sempre que solicitados.<\/p>\n<p style=\"font-weight: 400;\">Publica\u00e7\u00f5es a partir de janeiro de 2024 devem apresentar o nome e o Orcid do editor respons\u00e1vel por sua avalia\u00e7\u00e3o. Por\u00e9m, como nossa avalia\u00e7\u00e3o segue a metodologia duplo-cega, a revista n\u00e3o disponibiliza os pareceres. Toda comunica\u00e7\u00e3o continua sendo feita estritamente entre editor e autor correspondente.<\/p>\n<p>A atual modalidade de publica\u00e7\u00e3o do JOTCI \u00e9 cont\u00ednua.<\/p>\n<p>Atualizado em: 16 de outubro de 2023.<\/p>\n","protected":false},"excerpt":{"rendered":"<p>Todos os artigos a serem avaliados para publica\u00e7\u00e3o nesta revista devem ser enviados pelo sistema ScholarOne\u2122, clicando no bot\u00e3o \u201cSubmiss\u00e3o de artigos\u201d. N\u00e3o s\u00e3o aceitos para avalia\u00e7\u00e3o manuscritos enviados por e-mail. Ap\u00f3s a submiss\u00e3o, a secretaria editorial revisa se as normas gerais para elabora\u00e7\u00e3o do artigo foram seguidas e se o conte\u00fado foi submetido integralmente (figuras com qualidade adequada, tabelas, carta de submiss\u00e3o, declara\u00e7\u00f5es de conflito de interesse e de fonte de financiamento, aprova\u00e7\u00e3o do Comit\u00ea de \u00c9tica e apresenta\u00e7\u00e3o [&#8230;]<\/p>\n","protected":false},"author":3,"featured_media":0,"parent":0,"menu_order":0,"comment_status":"closed","ping_status":"closed","template":"","meta":{"footnotes":""},"class_list":["post-1722","page","type-page","status-publish","hentry"],"yoast_head":"<!-- This site is optimized with the Yoast SEO plugin v26.9 - https:\/\/yoast.com\/product\/yoast-seo-wordpress\/ -->\n<title>Avalia\u00e7\u00e3o dos manuscritos - Journal of Transcatheter Interventions<\/title>\n<meta name=\"robots\" content=\"index, follow, max-snippet:-1, max-image-preview:large, max-video-preview:-1\" \/>\n<link rel=\"canonical\" href=\"https:\/\/jotci.org\/pt-br\/avaliacao-dos-manuscritos\/\" \/>\n<meta property=\"og:locale\" content=\"pt_BR\" \/>\n<meta property=\"og:type\" content=\"article\" \/>\n<meta property=\"og:title\" content=\"Avalia\u00e7\u00e3o dos manuscritos - Journal of Transcatheter Interventions\" \/>\n<meta property=\"og:description\" content=\"Todos os artigos a serem avaliados para publica\u00e7\u00e3o nesta revista devem ser enviados pelo sistema ScholarOne\u2122, clicando no bot\u00e3o \u201cSubmiss\u00e3o de artigos\u201d. N\u00e3o s\u00e3o aceitos para avalia\u00e7\u00e3o manuscritos enviados por e-mail. Ap\u00f3s a submiss\u00e3o, a secretaria editorial revisa se as normas gerais para elabora\u00e7\u00e3o do artigo foram seguidas e se o conte\u00fado foi submetido integralmente (figuras com qualidade adequada, tabelas, carta de submiss\u00e3o, declara\u00e7\u00f5es de conflito de interesse e de fonte de financiamento, aprova\u00e7\u00e3o do Comit\u00ea de \u00c9tica e apresenta\u00e7\u00e3o [...]\" \/>\n<meta property=\"og:url\" content=\"https:\/\/jotci.org\/pt-br\/avaliacao-dos-manuscritos\/\" \/>\n<meta property=\"og:site_name\" content=\"Journal of Transcatheter Interventions\" \/>\n<meta property=\"article:publisher\" content=\"https:\/\/www.facebook.com\/Sbhcicardiologia\" \/>\n<meta property=\"article:modified_time\" content=\"2023-10-17T11:37:05+00:00\" \/>\n<meta name=\"twitter:card\" content=\"summary_large_image\" \/>\n<meta name=\"twitter:site\" content=\"@sbci_org_br\" \/>\n<meta name=\"twitter:label1\" content=\"Est. tempo de leitura\" \/>\n\t<meta name=\"twitter:data1\" content=\"3 minutos\" \/>\n<script type=\"application\/ld+json\" class=\"yoast-schema-graph\">{\"@context\":\"https:\/\/schema.org\",\"@graph\":[{\"@type\":\"WebPage\",\"@id\":\"https:\/\/jotci.org\/pt-br\/avaliacao-dos-manuscritos\/\",\"url\":\"https:\/\/jotci.org\/pt-br\/avaliacao-dos-manuscritos\/\",\"name\":\"Avalia\u00e7\u00e3o dos manuscritos - Journal of Transcatheter Interventions\",\"isPartOf\":{\"@id\":\"https:\/\/jotci.org\/#website\"},\"datePublished\":\"2020-07-13T15:54:13+00:00\",\"dateModified\":\"2023-10-17T11:37:05+00:00\",\"breadcrumb\":{\"@id\":\"https:\/\/jotci.org\/pt-br\/avaliacao-dos-manuscritos\/#breadcrumb\"},\"inLanguage\":\"pt-BR\",\"potentialAction\":[{\"@type\":\"ReadAction\",\"target\":[\"https:\/\/jotci.org\/pt-br\/avaliacao-dos-manuscritos\/\"]}]},{\"@type\":\"BreadcrumbList\",\"@id\":\"https:\/\/jotci.org\/pt-br\/avaliacao-dos-manuscritos\/#breadcrumb\",\"itemListElement\":[{\"@type\":\"ListItem\",\"position\":1,\"name\":\"In\u00edcio\",\"item\":\"https:\/\/jotci.org\/pt-br\/\"},{\"@type\":\"ListItem\",\"position\":2,\"name\":\"Avalia\u00e7\u00e3o dos manuscritos\"}]},{\"@type\":\"WebSite\",\"@id\":\"https:\/\/jotci.org\/#website\",\"url\":\"https:\/\/jotci.org\/\",\"name\":\"Journal of Transcatheter Interventions\",\"description\":\"&lt;em&gt;(Continua\u00e7\u00e3o de: &lt;a href=&quot;http:\/\/www.rbci.org.br\/&quot;&gt;Revista Brasileira de Cardiologia Invasiva&lt;\/a&gt;)&lt;\/em&gt;&lt;br\/&gt;Publica\u00e7\u00e3o Oficial da &lt;a href=&quot;http:\/\/sbhci.org.br\/&quot;&gt;Sociedade Brasileira de Hemodin\u00e2mica e Cardiologia Intervencionista&lt;\/a&gt;\",\"potentialAction\":[{\"@type\":\"SearchAction\",\"target\":{\"@type\":\"EntryPoint\",\"urlTemplate\":\"https:\/\/jotci.org\/?s={search_term_string}\"},\"query-input\":{\"@type\":\"PropertyValueSpecification\",\"valueRequired\":true,\"valueName\":\"search_term_string\"}}],\"inLanguage\":\"pt-BR\"}]}<\/script>\n<!-- \/ Yoast SEO plugin. -->","yoast_head_json":{"title":"Avalia\u00e7\u00e3o dos manuscritos - Journal of Transcatheter Interventions","robots":{"index":"index","follow":"follow","max-snippet":"max-snippet:-1","max-image-preview":"max-image-preview:large","max-video-preview":"max-video-preview:-1"},"canonical":"https:\/\/jotci.org\/pt-br\/avaliacao-dos-manuscritos\/","og_locale":"pt_BR","og_type":"article","og_title":"Avalia\u00e7\u00e3o dos manuscritos - Journal of Transcatheter Interventions","og_description":"Todos os artigos a serem avaliados para publica\u00e7\u00e3o nesta revista devem ser enviados pelo sistema ScholarOne\u2122, clicando no bot\u00e3o \u201cSubmiss\u00e3o de artigos\u201d. N\u00e3o s\u00e3o aceitos para avalia\u00e7\u00e3o manuscritos enviados por e-mail. Ap\u00f3s a submiss\u00e3o, a secretaria editorial revisa se as normas gerais para elabora\u00e7\u00e3o do artigo foram seguidas e se o conte\u00fado foi submetido integralmente (figuras com qualidade adequada, tabelas, carta de submiss\u00e3o, declara\u00e7\u00f5es de conflito de interesse e de fonte de financiamento, aprova\u00e7\u00e3o do Comit\u00ea de \u00c9tica e apresenta\u00e7\u00e3o [...]","og_url":"https:\/\/jotci.org\/pt-br\/avaliacao-dos-manuscritos\/","og_site_name":"Journal of Transcatheter Interventions","article_publisher":"https:\/\/www.facebook.com\/Sbhcicardiologia","article_modified_time":"2023-10-17T11:37:05+00:00","twitter_card":"summary_large_image","twitter_site":"@sbci_org_br","twitter_misc":{"Est. tempo de leitura":"3 minutos"},"schema":{"@context":"https:\/\/schema.org","@graph":[{"@type":"WebPage","@id":"https:\/\/jotci.org\/pt-br\/avaliacao-dos-manuscritos\/","url":"https:\/\/jotci.org\/pt-br\/avaliacao-dos-manuscritos\/","name":"Avalia\u00e7\u00e3o dos manuscritos - Journal of Transcatheter Interventions","isPartOf":{"@id":"https:\/\/jotci.org\/#website"},"datePublished":"2020-07-13T15:54:13+00:00","dateModified":"2023-10-17T11:37:05+00:00","breadcrumb":{"@id":"https:\/\/jotci.org\/pt-br\/avaliacao-dos-manuscritos\/#breadcrumb"},"inLanguage":"pt-BR","potentialAction":[{"@type":"ReadAction","target":["https:\/\/jotci.org\/pt-br\/avaliacao-dos-manuscritos\/"]}]},{"@type":"BreadcrumbList","@id":"https:\/\/jotci.org\/pt-br\/avaliacao-dos-manuscritos\/#breadcrumb","itemListElement":[{"@type":"ListItem","position":1,"name":"In\u00edcio","item":"https:\/\/jotci.org\/pt-br\/"},{"@type":"ListItem","position":2,"name":"Avalia\u00e7\u00e3o dos manuscritos"}]},{"@type":"WebSite","@id":"https:\/\/jotci.org\/#website","url":"https:\/\/jotci.org\/","name":"Journal of Transcatheter Interventions","description":"&lt;em&gt;(Continua\u00e7\u00e3o de: &lt;a href=&quot;http:\/\/www.rbci.org.br\/&quot;&gt;Revista Brasileira de Cardiologia Invasiva&lt;\/a&gt;)&lt;\/em&gt;&lt;br\/&gt;Publica\u00e7\u00e3o Oficial da &lt;a href=&quot;http:\/\/sbhci.org.br\/&quot;&gt;Sociedade Brasileira de Hemodin\u00e2mica e Cardiologia Intervencionista&lt;\/a&gt;","potentialAction":[{"@type":"SearchAction","target":{"@type":"EntryPoint","urlTemplate":"https:\/\/jotci.org\/?s={search_term_string}"},"query-input":{"@type":"PropertyValueSpecification","valueRequired":true,"valueName":"search_term_string"}}],"inLanguage":"pt-BR"}]}},"_links":{"self":[{"href":"https:\/\/jotci.org\/pt-br\/wp-json\/wp\/v2\/pages\/1722","targetHints":{"allow":["GET"]}}],"collection":[{"href":"https:\/\/jotci.org\/pt-br\/wp-json\/wp\/v2\/pages"}],"about":[{"href":"https:\/\/jotci.org\/pt-br\/wp-json\/wp\/v2\/types\/page"}],"author":[{"embeddable":true,"href":"https:\/\/jotci.org\/pt-br\/wp-json\/wp\/v2\/users\/3"}],"replies":[{"embeddable":true,"href":"https:\/\/jotci.org\/pt-br\/wp-json\/wp\/v2\/comments?post=1722"}],"version-history":[{"count":7,"href":"https:\/\/jotci.org\/pt-br\/wp-json\/wp\/v2\/pages\/1722\/revisions"}],"predecessor-version":[{"id":2532,"href":"https:\/\/jotci.org\/pt-br\/wp-json\/wp\/v2\/pages\/1722\/revisions\/2532"}],"wp:attachment":[{"href":"https:\/\/jotci.org\/pt-br\/wp-json\/wp\/v2\/media?parent=1722"}],"curies":[{"name":"wp","href":"https:\/\/api.w.org\/{rel}","templated":true}]}}