{"id":1724,"date":"2020-07-13T12:54:47","date_gmt":"2020-07-13T15:54:47","guid":{"rendered":"https:\/\/jotci.org\/?page_id=1724"},"modified":"2023-12-04T12:12:25","modified_gmt":"2023-12-04T15:12:25","slug":"itens-a-serem-submetidos","status":"publish","type":"page","link":"https:\/\/jotci.org\/pt-br\/itens-a-serem-submetidos\/","title":{"rendered":"Itens a serem submetidos"},"content":{"rendered":"<p>Os itens listados a seguir devem ser encaminhados no momento da submiss\u00e3o do artigo via sistema ScholarOne\u2122:<\/p>\n<ul>\n<li><a href=\"https:\/\/jotci.org\/wp-content\/uploads\/2020\/07\/2FORM_Carta-de-Submissao.pdf\">Carta de submiss\u00e3o<\/a> com a indica\u00e7\u00e3o da contribui\u00e7\u00e3o da cada autor para a composi\u00e7\u00e3o do manuscrito, conforme crit\u00e9rios do\u00a0 <em>Contributor Roles Taxonomy<\/em> (CRediT).<\/li>\n<li><a href=\"https:\/\/jotci.org\/wp-content\/uploads\/2020\/07\/2FORM_Financiamento-e-Conflito-de-Interesse.pdf\">Declara\u00e7\u00e3o de aus\u00eancia\/presen\u00e7a de fonte de financiamento<\/a>.<\/li>\n<li><a href=\"https:\/\/jotci.org\/wp-content\/uploads\/2020\/07\/2FORM_Financiamento-e-Conflito-de-Interesse.pdf\">Declara\u00e7\u00e3o de aus\u00eancia\/presen\u00e7a de conflitos de interesses<\/a>.<\/li>\n<li>Para Artigos Originais e Relatos de Caso, aprova\u00e7\u00e3o do Comit\u00ea de \u00c9tica e CAEE. <strong>Artigos sem esta aprova\u00e7\u00e3o n\u00e3o s\u00e3o publicados<\/strong>.<\/li>\n<li>Termo de Consentimento Livre Esclarecido (TCLE), se artigos de pesquisa que envolvem seres humanos.<\/li>\n<li>Artigo propriamente dito, estruturado de acordo com sua tipologia, com suas respectivas figuras e tabelas, e refer\u00eancias bibliogr\u00e1ficas segundo as normas de Vancouver.<\/li>\n<\/ul>\n","protected":false},"excerpt":{"rendered":"<p>Os itens listados a seguir devem ser encaminhados no momento da submiss\u00e3o do artigo via sistema ScholarOne\u2122: Carta de submiss\u00e3o com a indica\u00e7\u00e3o da contribui\u00e7\u00e3o da cada autor para a composi\u00e7\u00e3o do manuscrito, conforme crit\u00e9rios do\u00a0 Contributor Roles Taxonomy (CRediT). Declara\u00e7\u00e3o de aus\u00eancia\/presen\u00e7a de fonte de financiamento. Declara\u00e7\u00e3o de aus\u00eancia\/presen\u00e7a de conflitos de interesses. Para Artigos Originais e Relatos de Caso, aprova\u00e7\u00e3o do Comit\u00ea de \u00c9tica e CAEE. Artigos sem esta aprova\u00e7\u00e3o n\u00e3o s\u00e3o publicados. Termo de Consentimento Livre Esclarecido [&#8230;]<\/p>\n","protected":false},"author":3,"featured_media":0,"parent":0,"menu_order":0,"comment_status":"closed","ping_status":"closed","template":"","meta":{"footnotes":""},"class_list":["post-1724","page","type-page","status-publish","hentry"],"yoast_head":"<!-- This site is optimized with the Yoast SEO plugin v26.9 - https:\/\/yoast.com\/product\/yoast-seo-wordpress\/ -->\n<title>Itens a serem submetidos - Journal of Transcatheter Interventions<\/title>\n<meta name=\"robots\" content=\"index, follow, max-snippet:-1, max-image-preview:large, max-video-preview:-1\" \/>\n<link rel=\"canonical\" href=\"https:\/\/jotci.org\/pt-br\/itens-a-serem-submetidos\/\" \/>\n<meta property=\"og:locale\" content=\"pt_BR\" \/>\n<meta property=\"og:type\" content=\"article\" \/>\n<meta property=\"og:title\" content=\"Itens a serem submetidos - Journal of Transcatheter Interventions\" \/>\n<meta property=\"og:description\" content=\"Os itens listados a seguir devem ser encaminhados no momento da submiss\u00e3o do artigo via sistema ScholarOne\u2122: Carta de submiss\u00e3o com a indica\u00e7\u00e3o da contribui\u00e7\u00e3o da cada autor para a composi\u00e7\u00e3o do manuscrito, conforme crit\u00e9rios do\u00a0 Contributor Roles Taxonomy (CRediT). Declara\u00e7\u00e3o de aus\u00eancia\/presen\u00e7a de fonte de financiamento. Declara\u00e7\u00e3o de aus\u00eancia\/presen\u00e7a de conflitos de interesses. Para Artigos Originais e Relatos de Caso, aprova\u00e7\u00e3o do Comit\u00ea de \u00c9tica e CAEE. Artigos sem esta aprova\u00e7\u00e3o n\u00e3o s\u00e3o publicados. Termo de Consentimento Livre Esclarecido [...]\" \/>\n<meta property=\"og:url\" content=\"https:\/\/jotci.org\/pt-br\/itens-a-serem-submetidos\/\" \/>\n<meta property=\"og:site_name\" content=\"Journal of Transcatheter Interventions\" \/>\n<meta property=\"article:publisher\" content=\"https:\/\/www.facebook.com\/Sbhcicardiologia\" \/>\n<meta property=\"article:modified_time\" content=\"2023-12-04T15:12:25+00:00\" \/>\n<meta name=\"twitter:card\" content=\"summary_large_image\" \/>\n<meta name=\"twitter:site\" content=\"@sbci_org_br\" \/>\n<meta name=\"twitter:label1\" content=\"Est. tempo de leitura\" \/>\n\t<meta name=\"twitter:data1\" content=\"1 minuto\" \/>\n<script type=\"application\/ld+json\" class=\"yoast-schema-graph\">{\"@context\":\"https:\/\/schema.org\",\"@graph\":[{\"@type\":\"WebPage\",\"@id\":\"https:\/\/jotci.org\/pt-br\/itens-a-serem-submetidos\/\",\"url\":\"https:\/\/jotci.org\/pt-br\/itens-a-serem-submetidos\/\",\"name\":\"Itens a serem submetidos - Journal of Transcatheter Interventions\",\"isPartOf\":{\"@id\":\"https:\/\/jotci.org\/#website\"},\"datePublished\":\"2020-07-13T15:54:47+00:00\",\"dateModified\":\"2023-12-04T15:12:25+00:00\",\"breadcrumb\":{\"@id\":\"https:\/\/jotci.org\/pt-br\/itens-a-serem-submetidos\/#breadcrumb\"},\"inLanguage\":\"pt-BR\",\"potentialAction\":[{\"@type\":\"ReadAction\",\"target\":[\"https:\/\/jotci.org\/pt-br\/itens-a-serem-submetidos\/\"]}]},{\"@type\":\"BreadcrumbList\",\"@id\":\"https:\/\/jotci.org\/pt-br\/itens-a-serem-submetidos\/#breadcrumb\",\"itemListElement\":[{\"@type\":\"ListItem\",\"position\":1,\"name\":\"In\u00edcio\",\"item\":\"https:\/\/jotci.org\/pt-br\/\"},{\"@type\":\"ListItem\",\"position\":2,\"name\":\"Itens a serem submetidos\"}]},{\"@type\":\"WebSite\",\"@id\":\"https:\/\/jotci.org\/#website\",\"url\":\"https:\/\/jotci.org\/\",\"name\":\"Journal of Transcatheter Interventions\",\"description\":\"&lt;em&gt;(Continua\u00e7\u00e3o de: &lt;a href=&quot;http:\/\/www.rbci.org.br\/&quot;&gt;Revista Brasileira de Cardiologia Invasiva&lt;\/a&gt;)&lt;\/em&gt;&lt;br\/&gt;Publica\u00e7\u00e3o Oficial da &lt;a href=&quot;http:\/\/sbhci.org.br\/&quot;&gt;Sociedade Brasileira de Hemodin\u00e2mica e Cardiologia Intervencionista&lt;\/a&gt;\",\"potentialAction\":[{\"@type\":\"SearchAction\",\"target\":{\"@type\":\"EntryPoint\",\"urlTemplate\":\"https:\/\/jotci.org\/?s={search_term_string}\"},\"query-input\":{\"@type\":\"PropertyValueSpecification\",\"valueRequired\":true,\"valueName\":\"search_term_string\"}}],\"inLanguage\":\"pt-BR\"}]}<\/script>\n<!-- \/ Yoast SEO plugin. -->","yoast_head_json":{"title":"Itens a serem submetidos - Journal of Transcatheter Interventions","robots":{"index":"index","follow":"follow","max-snippet":"max-snippet:-1","max-image-preview":"max-image-preview:large","max-video-preview":"max-video-preview:-1"},"canonical":"https:\/\/jotci.org\/pt-br\/itens-a-serem-submetidos\/","og_locale":"pt_BR","og_type":"article","og_title":"Itens a serem submetidos - Journal of Transcatheter Interventions","og_description":"Os itens listados a seguir devem ser encaminhados no momento da submiss\u00e3o do artigo via sistema ScholarOne\u2122: Carta de submiss\u00e3o com a indica\u00e7\u00e3o da contribui\u00e7\u00e3o da cada autor para a composi\u00e7\u00e3o do manuscrito, conforme crit\u00e9rios do\u00a0 Contributor Roles Taxonomy (CRediT). Declara\u00e7\u00e3o de aus\u00eancia\/presen\u00e7a de fonte de financiamento. Declara\u00e7\u00e3o de aus\u00eancia\/presen\u00e7a de conflitos de interesses. Para Artigos Originais e Relatos de Caso, aprova\u00e7\u00e3o do Comit\u00ea de \u00c9tica e CAEE. Artigos sem esta aprova\u00e7\u00e3o n\u00e3o s\u00e3o publicados. Termo de Consentimento Livre Esclarecido [...]","og_url":"https:\/\/jotci.org\/pt-br\/itens-a-serem-submetidos\/","og_site_name":"Journal of Transcatheter Interventions","article_publisher":"https:\/\/www.facebook.com\/Sbhcicardiologia","article_modified_time":"2023-12-04T15:12:25+00:00","twitter_card":"summary_large_image","twitter_site":"@sbci_org_br","twitter_misc":{"Est. tempo de leitura":"1 minuto"},"schema":{"@context":"https:\/\/schema.org","@graph":[{"@type":"WebPage","@id":"https:\/\/jotci.org\/pt-br\/itens-a-serem-submetidos\/","url":"https:\/\/jotci.org\/pt-br\/itens-a-serem-submetidos\/","name":"Itens a serem submetidos - Journal of Transcatheter Interventions","isPartOf":{"@id":"https:\/\/jotci.org\/#website"},"datePublished":"2020-07-13T15:54:47+00:00","dateModified":"2023-12-04T15:12:25+00:00","breadcrumb":{"@id":"https:\/\/jotci.org\/pt-br\/itens-a-serem-submetidos\/#breadcrumb"},"inLanguage":"pt-BR","potentialAction":[{"@type":"ReadAction","target":["https:\/\/jotci.org\/pt-br\/itens-a-serem-submetidos\/"]}]},{"@type":"BreadcrumbList","@id":"https:\/\/jotci.org\/pt-br\/itens-a-serem-submetidos\/#breadcrumb","itemListElement":[{"@type":"ListItem","position":1,"name":"In\u00edcio","item":"https:\/\/jotci.org\/pt-br\/"},{"@type":"ListItem","position":2,"name":"Itens a serem submetidos"}]},{"@type":"WebSite","@id":"https:\/\/jotci.org\/#website","url":"https:\/\/jotci.org\/","name":"Journal of Transcatheter Interventions","description":"&lt;em&gt;(Continua\u00e7\u00e3o de: &lt;a href=&quot;http:\/\/www.rbci.org.br\/&quot;&gt;Revista Brasileira de Cardiologia Invasiva&lt;\/a&gt;)&lt;\/em&gt;&lt;br\/&gt;Publica\u00e7\u00e3o Oficial da &lt;a href=&quot;http:\/\/sbhci.org.br\/&quot;&gt;Sociedade Brasileira de Hemodin\u00e2mica e Cardiologia Intervencionista&lt;\/a&gt;","potentialAction":[{"@type":"SearchAction","target":{"@type":"EntryPoint","urlTemplate":"https:\/\/jotci.org\/?s={search_term_string}"},"query-input":{"@type":"PropertyValueSpecification","valueRequired":true,"valueName":"search_term_string"}}],"inLanguage":"pt-BR"}]}},"_links":{"self":[{"href":"https:\/\/jotci.org\/pt-br\/wp-json\/wp\/v2\/pages\/1724","targetHints":{"allow":["GET"]}}],"collection":[{"href":"https:\/\/jotci.org\/pt-br\/wp-json\/wp\/v2\/pages"}],"about":[{"href":"https:\/\/jotci.org\/pt-br\/wp-json\/wp\/v2\/types\/page"}],"author":[{"embeddable":true,"href":"https:\/\/jotci.org\/pt-br\/wp-json\/wp\/v2\/users\/3"}],"replies":[{"embeddable":true,"href":"https:\/\/jotci.org\/pt-br\/wp-json\/wp\/v2\/comments?post=1724"}],"version-history":[{"count":10,"href":"https:\/\/jotci.org\/pt-br\/wp-json\/wp\/v2\/pages\/1724\/revisions"}],"predecessor-version":[{"id":2597,"href":"https:\/\/jotci.org\/pt-br\/wp-json\/wp\/v2\/pages\/1724\/revisions\/2597"}],"wp:attachment":[{"href":"https:\/\/jotci.org\/pt-br\/wp-json\/wp\/v2\/media?parent=1724"}],"curies":[{"name":"wp","href":"https:\/\/api.w.org\/{rel}","templated":true}]}}