{"id":1740,"date":"2020-07-13T12:58:34","date_gmt":"2020-07-13T15:58:34","guid":{"rendered":"https:\/\/jotci.org\/?page_id=1740"},"modified":"2020-07-13T13:32:53","modified_gmt":"2020-07-13T16:32:53","slug":"fontes-de-financiamento","status":"publish","type":"page","link":"https:\/\/jotci.org\/pt-br\/fontes-de-financiamento\/","title":{"rendered":"Fontes de financiamento"},"content":{"rendered":"<p>Se, durante o desenvolvimento da pesquisa, os autores tenham recebido qualquer assist\u00eancia financeira, seja de empresas da iniciativa privada, seja de ag\u00eancias de fomento estaduais ou federais, esse aux\u00edlio deve ser declarado neste item.<\/p>\n<p>Todas as <a href=\"https:\/\/jotci.org\/wp-content\/uploads\/2020\/07\/2FORM_Financiamento-e-Conflito-de-Interesse.pdf\">fontes de financiamento<\/a> do trabalho devem ser citadas. Outros relacionamentos com a ind\u00fastria, como consultorias ou palestras remuneradas, patroc\u00ednios para eventos cient\u00edficos, outros patroc\u00ednios (receber f\u00e1rmacos, equipamentos ou suporte administrativo), honor\u00e1rios e participa\u00e7\u00f5es acion\u00e1rias devem ser declarados em Conflitos de Interesse.<\/p>\n<p>Em casos de assist\u00eancias vinculadas a um projeto de pesquisa, informar o nome do projeto, a ag\u00eancia e o n\u00famero de protocolo.<\/p>\n<p>Caso n\u00e3o tenha havido nenhum aux\u00edlio, a aus\u00eancia de fonte de financiamento tamb\u00e9m deve ser declarada.<\/p>\n","protected":false},"excerpt":{"rendered":"<p>Se, durante o desenvolvimento da pesquisa, os autores tenham recebido qualquer assist\u00eancia financeira, seja de empresas da iniciativa privada, seja de ag\u00eancias de fomento estaduais ou federais, esse aux\u00edlio deve ser declarado neste item. Todas as fontes de financiamento do trabalho devem ser citadas. Outros relacionamentos com a ind\u00fastria, como consultorias ou palestras remuneradas, patroc\u00ednios para eventos cient\u00edficos, outros patroc\u00ednios (receber f\u00e1rmacos, equipamentos ou suporte administrativo), honor\u00e1rios e participa\u00e7\u00f5es acion\u00e1rias devem ser declarados em Conflitos de Interesse. Em casos de [&#8230;]<\/p>\n","protected":false},"author":3,"featured_media":0,"parent":0,"menu_order":0,"comment_status":"closed","ping_status":"closed","template":"","meta":{"footnotes":""},"class_list":["post-1740","page","type-page","status-publish","hentry"],"yoast_head":"<!-- This site is optimized with the Yoast SEO plugin v26.9 - https:\/\/yoast.com\/product\/yoast-seo-wordpress\/ -->\n<title>Fontes de financiamento - Journal of Transcatheter Interventions<\/title>\n<meta name=\"robots\" content=\"index, follow, max-snippet:-1, max-image-preview:large, max-video-preview:-1\" \/>\n<link rel=\"canonical\" href=\"https:\/\/jotci.org\/pt-br\/fontes-de-financiamento\/\" \/>\n<meta property=\"og:locale\" content=\"pt_BR\" \/>\n<meta property=\"og:type\" content=\"article\" \/>\n<meta property=\"og:title\" content=\"Fontes de financiamento - Journal of Transcatheter Interventions\" \/>\n<meta property=\"og:description\" content=\"Se, durante o desenvolvimento da pesquisa, os autores tenham recebido qualquer assist\u00eancia financeira, seja de empresas da iniciativa privada, seja de ag\u00eancias de fomento estaduais ou federais, esse aux\u00edlio deve ser declarado neste item. Todas as fontes de financiamento do trabalho devem ser citadas. Outros relacionamentos com a ind\u00fastria, como consultorias ou palestras remuneradas, patroc\u00ednios para eventos cient\u00edficos, outros patroc\u00ednios (receber f\u00e1rmacos, equipamentos ou suporte administrativo), honor\u00e1rios e participa\u00e7\u00f5es acion\u00e1rias devem ser declarados em Conflitos de Interesse. Em casos de [...]\" \/>\n<meta property=\"og:url\" content=\"https:\/\/jotci.org\/pt-br\/fontes-de-financiamento\/\" \/>\n<meta property=\"og:site_name\" content=\"Journal of Transcatheter Interventions\" \/>\n<meta property=\"article:publisher\" content=\"https:\/\/www.facebook.com\/Sbhcicardiologia\" \/>\n<meta property=\"article:modified_time\" content=\"2020-07-13T16:32:53+00:00\" \/>\n<meta name=\"twitter:card\" content=\"summary_large_image\" \/>\n<meta name=\"twitter:site\" content=\"@sbci_org_br\" \/>\n<meta name=\"twitter:label1\" content=\"Est. tempo de leitura\" \/>\n\t<meta name=\"twitter:data1\" content=\"1 minuto\" \/>\n<script type=\"application\/ld+json\" class=\"yoast-schema-graph\">{\"@context\":\"https:\/\/schema.org\",\"@graph\":[{\"@type\":\"WebPage\",\"@id\":\"https:\/\/jotci.org\/pt-br\/fontes-de-financiamento\/\",\"url\":\"https:\/\/jotci.org\/pt-br\/fontes-de-financiamento\/\",\"name\":\"Fontes de financiamento - Journal of Transcatheter Interventions\",\"isPartOf\":{\"@id\":\"https:\/\/jotci.org\/#website\"},\"datePublished\":\"2020-07-13T15:58:34+00:00\",\"dateModified\":\"2020-07-13T16:32:53+00:00\",\"breadcrumb\":{\"@id\":\"https:\/\/jotci.org\/pt-br\/fontes-de-financiamento\/#breadcrumb\"},\"inLanguage\":\"pt-BR\",\"potentialAction\":[{\"@type\":\"ReadAction\",\"target\":[\"https:\/\/jotci.org\/pt-br\/fontes-de-financiamento\/\"]}]},{\"@type\":\"BreadcrumbList\",\"@id\":\"https:\/\/jotci.org\/pt-br\/fontes-de-financiamento\/#breadcrumb\",\"itemListElement\":[{\"@type\":\"ListItem\",\"position\":1,\"name\":\"In\u00edcio\",\"item\":\"https:\/\/jotci.org\/pt-br\/\"},{\"@type\":\"ListItem\",\"position\":2,\"name\":\"Fontes de financiamento\"}]},{\"@type\":\"WebSite\",\"@id\":\"https:\/\/jotci.org\/#website\",\"url\":\"https:\/\/jotci.org\/\",\"name\":\"Journal of Transcatheter Interventions\",\"description\":\"&lt;em&gt;(Continua\u00e7\u00e3o de: &lt;a href=&quot;http:\/\/www.rbci.org.br\/&quot;&gt;Revista Brasileira de Cardiologia Invasiva&lt;\/a&gt;)&lt;\/em&gt;&lt;br\/&gt;Publica\u00e7\u00e3o Oficial da &lt;a href=&quot;http:\/\/sbhci.org.br\/&quot;&gt;Sociedade Brasileira de Hemodin\u00e2mica e Cardiologia Intervencionista&lt;\/a&gt;\",\"potentialAction\":[{\"@type\":\"SearchAction\",\"target\":{\"@type\":\"EntryPoint\",\"urlTemplate\":\"https:\/\/jotci.org\/?s={search_term_string}\"},\"query-input\":{\"@type\":\"PropertyValueSpecification\",\"valueRequired\":true,\"valueName\":\"search_term_string\"}}],\"inLanguage\":\"pt-BR\"}]}<\/script>\n<!-- \/ Yoast SEO plugin. -->","yoast_head_json":{"title":"Fontes de financiamento - Journal of Transcatheter Interventions","robots":{"index":"index","follow":"follow","max-snippet":"max-snippet:-1","max-image-preview":"max-image-preview:large","max-video-preview":"max-video-preview:-1"},"canonical":"https:\/\/jotci.org\/pt-br\/fontes-de-financiamento\/","og_locale":"pt_BR","og_type":"article","og_title":"Fontes de financiamento - Journal of Transcatheter Interventions","og_description":"Se, durante o desenvolvimento da pesquisa, os autores tenham recebido qualquer assist\u00eancia financeira, seja de empresas da iniciativa privada, seja de ag\u00eancias de fomento estaduais ou federais, esse aux\u00edlio deve ser declarado neste item. Todas as fontes de financiamento do trabalho devem ser citadas. Outros relacionamentos com a ind\u00fastria, como consultorias ou palestras remuneradas, patroc\u00ednios para eventos cient\u00edficos, outros patroc\u00ednios (receber f\u00e1rmacos, equipamentos ou suporte administrativo), honor\u00e1rios e participa\u00e7\u00f5es acion\u00e1rias devem ser declarados em Conflitos de Interesse. Em casos de [...]","og_url":"https:\/\/jotci.org\/pt-br\/fontes-de-financiamento\/","og_site_name":"Journal of Transcatheter Interventions","article_publisher":"https:\/\/www.facebook.com\/Sbhcicardiologia","article_modified_time":"2020-07-13T16:32:53+00:00","twitter_card":"summary_large_image","twitter_site":"@sbci_org_br","twitter_misc":{"Est. tempo de leitura":"1 minuto"},"schema":{"@context":"https:\/\/schema.org","@graph":[{"@type":"WebPage","@id":"https:\/\/jotci.org\/pt-br\/fontes-de-financiamento\/","url":"https:\/\/jotci.org\/pt-br\/fontes-de-financiamento\/","name":"Fontes de financiamento - Journal of Transcatheter Interventions","isPartOf":{"@id":"https:\/\/jotci.org\/#website"},"datePublished":"2020-07-13T15:58:34+00:00","dateModified":"2020-07-13T16:32:53+00:00","breadcrumb":{"@id":"https:\/\/jotci.org\/pt-br\/fontes-de-financiamento\/#breadcrumb"},"inLanguage":"pt-BR","potentialAction":[{"@type":"ReadAction","target":["https:\/\/jotci.org\/pt-br\/fontes-de-financiamento\/"]}]},{"@type":"BreadcrumbList","@id":"https:\/\/jotci.org\/pt-br\/fontes-de-financiamento\/#breadcrumb","itemListElement":[{"@type":"ListItem","position":1,"name":"In\u00edcio","item":"https:\/\/jotci.org\/pt-br\/"},{"@type":"ListItem","position":2,"name":"Fontes de financiamento"}]},{"@type":"WebSite","@id":"https:\/\/jotci.org\/#website","url":"https:\/\/jotci.org\/","name":"Journal of Transcatheter Interventions","description":"&lt;em&gt;(Continua\u00e7\u00e3o de: &lt;a href=&quot;http:\/\/www.rbci.org.br\/&quot;&gt;Revista Brasileira de Cardiologia Invasiva&lt;\/a&gt;)&lt;\/em&gt;&lt;br\/&gt;Publica\u00e7\u00e3o Oficial da &lt;a href=&quot;http:\/\/sbhci.org.br\/&quot;&gt;Sociedade Brasileira de Hemodin\u00e2mica e Cardiologia Intervencionista&lt;\/a&gt;","potentialAction":[{"@type":"SearchAction","target":{"@type":"EntryPoint","urlTemplate":"https:\/\/jotci.org\/?s={search_term_string}"},"query-input":{"@type":"PropertyValueSpecification","valueRequired":true,"valueName":"search_term_string"}}],"inLanguage":"pt-BR"}]}},"_links":{"self":[{"href":"https:\/\/jotci.org\/pt-br\/wp-json\/wp\/v2\/pages\/1740","targetHints":{"allow":["GET"]}}],"collection":[{"href":"https:\/\/jotci.org\/pt-br\/wp-json\/wp\/v2\/pages"}],"about":[{"href":"https:\/\/jotci.org\/pt-br\/wp-json\/wp\/v2\/types\/page"}],"author":[{"embeddable":true,"href":"https:\/\/jotci.org\/pt-br\/wp-json\/wp\/v2\/users\/3"}],"replies":[{"embeddable":true,"href":"https:\/\/jotci.org\/pt-br\/wp-json\/wp\/v2\/comments?post=1740"}],"version-history":[{"count":2,"href":"https:\/\/jotci.org\/pt-br\/wp-json\/wp\/v2\/pages\/1740\/revisions"}],"predecessor-version":[{"id":1828,"href":"https:\/\/jotci.org\/pt-br\/wp-json\/wp\/v2\/pages\/1740\/revisions\/1828"}],"wp:attachment":[{"href":"https:\/\/jotci.org\/pt-br\/wp-json\/wp\/v2\/media?parent=1740"}],"curies":[{"name":"wp","href":"https:\/\/api.w.org\/{rel}","templated":true}]}}