{"id":1749,"date":"2020-07-13T13:00:21","date_gmt":"2020-07-13T16:00:21","guid":{"rendered":"https:\/\/jotci.org\/?page_id=1749"},"modified":"2020-07-13T13:55:28","modified_gmt":"2020-07-13T16:55:28","slug":"etica-e-diretrizes-para-assuntos-especificos","status":"publish","type":"page","link":"https:\/\/jotci.org\/pt-br\/etica-e-diretrizes-para-assuntos-especificos\/","title":{"rendered":"\u00c9tica e diretrizes para assuntos espec\u00edficos"},"content":{"rendered":"<p>Todos os projetos de pesquisa que envolvam seres humanos, direta ou indiretamente, devem ser submetidos \u00e0 aprecia\u00e7\u00e3o de um Comit\u00ea de \u00c9tica em Pesquisa com Seres Humanos (CEP). O envio do projeto deve ser feito pelos autores via <a href=\"http:\/\/aplicacao.saude.gov.br\/plataformabrasil\/login.jsf\">Plataforma Brasil<\/a>.<\/p>\n<p>Ainda, um Termo de Consentimento Livre Esclarecido (TCLE) deve ter sido assinado pelo paciente, sendo assim informada e registrada sua decis\u00e3o de participar do estudo de forma justa e sem constrangimentos. Todos os esfor\u00e7os devem ser feitos para proteger a privacidade e o anonimato do paciente. As informa\u00e7\u00f5es de identifica\u00e7\u00e3o, incluindo fotos, n\u00e3o devem ser inclu\u00eddas no manuscrito.<\/p>\n<p>O n\u00famero do Certificado de Apresenta\u00e7\u00e3o para Aprecia\u00e7\u00e3o \u00c9tica (CAAE) da Plataforma Brasil deve obrigatoriamente ser indicado em Artigos Originais e Relatos de Caso realizados no Brasil, conforme cartas circulares da Comiss\u00e3o Nacional de \u00c9tica em Pesquisa (Conep). Artigos sem indica\u00e7\u00e3o do CAAE n\u00e3o s\u00e3o publicados.<\/p>\n<p>A pol\u00edtica de registro de estudos cl\u00ednicos do\u00a0<em><a href=\"http:\/\/www.icmje.org\/\">International Committee of Medical Journal Editors<\/a><\/em>\u00a0(ICMJE)exige o registro de todos os ensaios cl\u00ednicos prospectivos. Os manuscritos s\u00f3 ser\u00e3o aceitos para publica\u00e7\u00e3o se tiverem recebido um n\u00famero de identifica\u00e7\u00e3o em um dos Registros de Ensaios Cl\u00ednicos validados pela Organiza\u00e7\u00e3o Mundial da Sa\u00fade (OMS) e pelo ICMJE, cujos endere\u00e7os est\u00e3o dispon\u00edveis no\u00a0site deste \u00faltimo, como, por exemplo, <a href=\"http:\/\/www.ensaiosclinicos.gov.br\/\">www.ensaiosclinicos.gov.br<\/a> ou <a href=\"https:\/\/www.clinicaltrials.gov\/\">www.clinicaltrials.gov<\/a>. O n\u00famero de identifica\u00e7\u00e3o deve constar no final do resumo.<\/p>\n<p>Nos trabalhos experimentais envolvendo animais, devem ser respeitadas as normas estabelecidas pelo\u00a0<em><a href=\"https:\/\/grants.nih.gov\/grants\/olaw\/guide-for-the-care-and-use-of-laboratory-animals.pdf\">Guide for the Care and Use of Laboratory Animals\u00a0<\/a>\u00a0<\/em>(<em>Institute of Laboratory Animal Resources<\/em>, <em>National Academy of Sciences<\/em>, Washington, DC, Estados Unidos), de 1996, e pelos Princ\u00edpios \u00c9ticos na Experimenta\u00e7\u00e3o Animal (<a href=\"https:\/\/www.sbcal.org.br\/conteudo\/view?ID_CONTEUDO=87\">Col\u00e9gio Brasileiro de Experimenta\u00e7\u00e3o Animal<\/a> \u2013 COBEA), de 1991.<\/p>\n<p>Os manuscritos devem estar em conformidade com as seguintes diretrizes de gera\u00e7\u00e3o de relat\u00f3rios:<\/p>\n<ul>\n<li>CONSORT (<em><a href=\"http:\/\/www.consort-statement.org\/\">Consolidated Standards of Reporting Trials<\/a><\/em>).<\/li>\n<li>STARD (<em><a href=\"https:\/\/www.equator-network.org\/reporting-guidelines\/stard\/\">Standards for Reporting Diagnostic Accuracy Studies<\/a><\/em>).<\/li>\n<li>PRISMA (<em><a href=\"https:\/\/www.ncbi.nlm.nih.gov\/pmc\/articles\/PMC3024725\/\">Systematic Reviews and Meta-Analyses<\/a><\/em>).<\/li>\n<li>STROBE (<em><a href=\"https:\/\/www.strobe-statement.org\/index.php?id=strobe-home\">Reporting of Observational Studies in Epidemiology<\/a><\/em>).<\/li>\n<\/ul>\n<p>&nbsp;<\/p>\n<p>Outras decis\u00f5es em rela\u00e7\u00e3o \u00e0 \u00e9tica, m\u00e1 conduta e integridade da pesquisa cient\u00edfica s\u00e3o baseadas nas orienta\u00e7\u00f5es do\u00a0<em><a href=\"http:\/\/publicationethics.org\/files\/Code_of_conduct_for_journal_editors_Mar11.pdf\">Code of Conduct for Journal Editors<\/a><\/em> (COPE) e da\u00a0<em><a href=\"http:\/\/www.wame.org\/\">World Association of Medical Editors<\/a><\/em>\u00a0(WAME).<\/p>\n<p>&nbsp;<\/p>\n<p><strong>Pl\u00e1gio e m\u00e1 conduta<\/strong><\/p>\n<p>Em respeito \u00e0 pol\u00edtica de prote\u00e7\u00e3o e propriedade intelectual, a revista adota procedimentos espec\u00edficos para combater a pr\u00e1tica do pl\u00e1gio nas publica\u00e7\u00f5es. Se um revisor ou editor suspeitar de pl\u00e1gio, o artigo \u00e9 submetido a uma revis\u00e3o com o\u00a0<em>software<\/em> IThenticate. Em seguida, o caso \u00e9 levado para debate com os editores associados, para uma decis\u00e3o de consenso.<\/p>\n","protected":false},"excerpt":{"rendered":"<p>Todos os projetos de pesquisa que envolvam seres humanos, direta ou indiretamente, devem ser submetidos \u00e0 aprecia\u00e7\u00e3o de um Comit\u00ea de \u00c9tica em Pesquisa com Seres Humanos (CEP). O envio do projeto deve ser feito pelos autores via Plataforma Brasil. Ainda, um Termo de Consentimento Livre Esclarecido (TCLE) deve ter sido assinado pelo paciente, sendo assim informada e registrada sua decis\u00e3o de participar do estudo de forma justa e sem constrangimentos. Todos os esfor\u00e7os devem ser feitos para proteger a [&#8230;]<\/p>\n","protected":false},"author":3,"featured_media":0,"parent":0,"menu_order":0,"comment_status":"closed","ping_status":"closed","template":"","meta":{"footnotes":""},"class_list":["post-1749","page","type-page","status-publish","hentry"],"yoast_head":"<!-- This site is optimized with the Yoast SEO plugin v26.9 - https:\/\/yoast.com\/product\/yoast-seo-wordpress\/ -->\n<title>\u00c9tica e diretrizes para assuntos espec\u00edficos - Journal of Transcatheter Interventions<\/title>\n<meta name=\"robots\" content=\"index, follow, max-snippet:-1, max-image-preview:large, max-video-preview:-1\" \/>\n<link rel=\"canonical\" href=\"https:\/\/jotci.org\/pt-br\/etica-e-diretrizes-para-assuntos-especificos\/\" \/>\n<meta property=\"og:locale\" content=\"pt_BR\" \/>\n<meta property=\"og:type\" content=\"article\" \/>\n<meta property=\"og:title\" content=\"\u00c9tica e diretrizes para assuntos espec\u00edficos - Journal of Transcatheter Interventions\" \/>\n<meta property=\"og:description\" content=\"Todos os projetos de pesquisa que envolvam seres humanos, direta ou indiretamente, devem ser submetidos \u00e0 aprecia\u00e7\u00e3o de um Comit\u00ea de \u00c9tica em Pesquisa com Seres Humanos (CEP). O envio do projeto deve ser feito pelos autores via Plataforma Brasil. Ainda, um Termo de Consentimento Livre Esclarecido (TCLE) deve ter sido assinado pelo paciente, sendo assim informada e registrada sua decis\u00e3o de participar do estudo de forma justa e sem constrangimentos. Todos os esfor\u00e7os devem ser feitos para proteger a [...]\" \/>\n<meta property=\"og:url\" content=\"https:\/\/jotci.org\/pt-br\/etica-e-diretrizes-para-assuntos-especificos\/\" \/>\n<meta property=\"og:site_name\" content=\"Journal of Transcatheter Interventions\" \/>\n<meta property=\"article:publisher\" content=\"https:\/\/www.facebook.com\/Sbhcicardiologia\" \/>\n<meta property=\"article:modified_time\" content=\"2020-07-13T16:55:28+00:00\" \/>\n<meta name=\"twitter:card\" content=\"summary_large_image\" \/>\n<meta name=\"twitter:site\" content=\"@sbci_org_br\" \/>\n<meta name=\"twitter:label1\" content=\"Est. tempo de leitura\" \/>\n\t<meta name=\"twitter:data1\" content=\"2 minutos\" \/>\n<script type=\"application\/ld+json\" class=\"yoast-schema-graph\">{\"@context\":\"https:\/\/schema.org\",\"@graph\":[{\"@type\":\"WebPage\",\"@id\":\"https:\/\/jotci.org\/pt-br\/etica-e-diretrizes-para-assuntos-especificos\/\",\"url\":\"https:\/\/jotci.org\/pt-br\/etica-e-diretrizes-para-assuntos-especificos\/\",\"name\":\"\u00c9tica e diretrizes para assuntos espec\u00edficos - Journal of Transcatheter Interventions\",\"isPartOf\":{\"@id\":\"https:\/\/jotci.org\/#website\"},\"datePublished\":\"2020-07-13T16:00:21+00:00\",\"dateModified\":\"2020-07-13T16:55:28+00:00\",\"breadcrumb\":{\"@id\":\"https:\/\/jotci.org\/pt-br\/etica-e-diretrizes-para-assuntos-especificos\/#breadcrumb\"},\"inLanguage\":\"pt-BR\",\"potentialAction\":[{\"@type\":\"ReadAction\",\"target\":[\"https:\/\/jotci.org\/pt-br\/etica-e-diretrizes-para-assuntos-especificos\/\"]}]},{\"@type\":\"BreadcrumbList\",\"@id\":\"https:\/\/jotci.org\/pt-br\/etica-e-diretrizes-para-assuntos-especificos\/#breadcrumb\",\"itemListElement\":[{\"@type\":\"ListItem\",\"position\":1,\"name\":\"In\u00edcio\",\"item\":\"https:\/\/jotci.org\/pt-br\/\"},{\"@type\":\"ListItem\",\"position\":2,\"name\":\"\u00c9tica e diretrizes para assuntos espec\u00edficos\"}]},{\"@type\":\"WebSite\",\"@id\":\"https:\/\/jotci.org\/#website\",\"url\":\"https:\/\/jotci.org\/\",\"name\":\"Journal of Transcatheter Interventions\",\"description\":\"&lt;em&gt;(Continua\u00e7\u00e3o de: &lt;a href=&quot;http:\/\/www.rbci.org.br\/&quot;&gt;Revista Brasileira de Cardiologia Invasiva&lt;\/a&gt;)&lt;\/em&gt;&lt;br\/&gt;Publica\u00e7\u00e3o Oficial da &lt;a href=&quot;http:\/\/sbhci.org.br\/&quot;&gt;Sociedade Brasileira de Hemodin\u00e2mica e Cardiologia Intervencionista&lt;\/a&gt;\",\"potentialAction\":[{\"@type\":\"SearchAction\",\"target\":{\"@type\":\"EntryPoint\",\"urlTemplate\":\"https:\/\/jotci.org\/?s={search_term_string}\"},\"query-input\":{\"@type\":\"PropertyValueSpecification\",\"valueRequired\":true,\"valueName\":\"search_term_string\"}}],\"inLanguage\":\"pt-BR\"}]}<\/script>\n<!-- \/ Yoast SEO plugin. -->","yoast_head_json":{"title":"\u00c9tica e diretrizes para assuntos espec\u00edficos - Journal of Transcatheter Interventions","robots":{"index":"index","follow":"follow","max-snippet":"max-snippet:-1","max-image-preview":"max-image-preview:large","max-video-preview":"max-video-preview:-1"},"canonical":"https:\/\/jotci.org\/pt-br\/etica-e-diretrizes-para-assuntos-especificos\/","og_locale":"pt_BR","og_type":"article","og_title":"\u00c9tica e diretrizes para assuntos espec\u00edficos - Journal of Transcatheter Interventions","og_description":"Todos os projetos de pesquisa que envolvam seres humanos, direta ou indiretamente, devem ser submetidos \u00e0 aprecia\u00e7\u00e3o de um Comit\u00ea de \u00c9tica em Pesquisa com Seres Humanos (CEP). O envio do projeto deve ser feito pelos autores via Plataforma Brasil. Ainda, um Termo de Consentimento Livre Esclarecido (TCLE) deve ter sido assinado pelo paciente, sendo assim informada e registrada sua decis\u00e3o de participar do estudo de forma justa e sem constrangimentos. Todos os esfor\u00e7os devem ser feitos para proteger a [...]","og_url":"https:\/\/jotci.org\/pt-br\/etica-e-diretrizes-para-assuntos-especificos\/","og_site_name":"Journal of Transcatheter Interventions","article_publisher":"https:\/\/www.facebook.com\/Sbhcicardiologia","article_modified_time":"2020-07-13T16:55:28+00:00","twitter_card":"summary_large_image","twitter_site":"@sbci_org_br","twitter_misc":{"Est. tempo de leitura":"2 minutos"},"schema":{"@context":"https:\/\/schema.org","@graph":[{"@type":"WebPage","@id":"https:\/\/jotci.org\/pt-br\/etica-e-diretrizes-para-assuntos-especificos\/","url":"https:\/\/jotci.org\/pt-br\/etica-e-diretrizes-para-assuntos-especificos\/","name":"\u00c9tica e diretrizes para assuntos espec\u00edficos - Journal of Transcatheter Interventions","isPartOf":{"@id":"https:\/\/jotci.org\/#website"},"datePublished":"2020-07-13T16:00:21+00:00","dateModified":"2020-07-13T16:55:28+00:00","breadcrumb":{"@id":"https:\/\/jotci.org\/pt-br\/etica-e-diretrizes-para-assuntos-especificos\/#breadcrumb"},"inLanguage":"pt-BR","potentialAction":[{"@type":"ReadAction","target":["https:\/\/jotci.org\/pt-br\/etica-e-diretrizes-para-assuntos-especificos\/"]}]},{"@type":"BreadcrumbList","@id":"https:\/\/jotci.org\/pt-br\/etica-e-diretrizes-para-assuntos-especificos\/#breadcrumb","itemListElement":[{"@type":"ListItem","position":1,"name":"In\u00edcio","item":"https:\/\/jotci.org\/pt-br\/"},{"@type":"ListItem","position":2,"name":"\u00c9tica e diretrizes para assuntos espec\u00edficos"}]},{"@type":"WebSite","@id":"https:\/\/jotci.org\/#website","url":"https:\/\/jotci.org\/","name":"Journal of Transcatheter Interventions","description":"&lt;em&gt;(Continua\u00e7\u00e3o de: &lt;a href=&quot;http:\/\/www.rbci.org.br\/&quot;&gt;Revista Brasileira de Cardiologia Invasiva&lt;\/a&gt;)&lt;\/em&gt;&lt;br\/&gt;Publica\u00e7\u00e3o Oficial da &lt;a href=&quot;http:\/\/sbhci.org.br\/&quot;&gt;Sociedade Brasileira de Hemodin\u00e2mica e Cardiologia Intervencionista&lt;\/a&gt;","potentialAction":[{"@type":"SearchAction","target":{"@type":"EntryPoint","urlTemplate":"https:\/\/jotci.org\/?s={search_term_string}"},"query-input":{"@type":"PropertyValueSpecification","valueRequired":true,"valueName":"search_term_string"}}],"inLanguage":"pt-BR"}]}},"_links":{"self":[{"href":"https:\/\/jotci.org\/pt-br\/wp-json\/wp\/v2\/pages\/1749","targetHints":{"allow":["GET"]}}],"collection":[{"href":"https:\/\/jotci.org\/pt-br\/wp-json\/wp\/v2\/pages"}],"about":[{"href":"https:\/\/jotci.org\/pt-br\/wp-json\/wp\/v2\/types\/page"}],"author":[{"embeddable":true,"href":"https:\/\/jotci.org\/pt-br\/wp-json\/wp\/v2\/users\/3"}],"replies":[{"embeddable":true,"href":"https:\/\/jotci.org\/pt-br\/wp-json\/wp\/v2\/comments?post=1749"}],"version-history":[{"count":3,"href":"https:\/\/jotci.org\/pt-br\/wp-json\/wp\/v2\/pages\/1749\/revisions"}],"predecessor-version":[{"id":1834,"href":"https:\/\/jotci.org\/pt-br\/wp-json\/wp\/v2\/pages\/1749\/revisions\/1834"}],"wp:attachment":[{"href":"https:\/\/jotci.org\/pt-br\/wp-json\/wp\/v2\/media?parent=1749"}],"curies":[{"name":"wp","href":"https:\/\/api.w.org\/{rel}","templated":true}]}}