{"id":1755,"date":"2020-07-13T13:01:51","date_gmt":"2020-07-13T16:01:51","guid":{"rendered":"https:\/\/jotci.org\/?page_id=1755"},"modified":"2023-10-24T13:23:04","modified_gmt":"2023-10-24T16:23:04","slug":"instrucoes-aos-autores-para-apresentacao-do-manuscrito","status":"publish","type":"page","link":"https:\/\/jotci.org\/pt-br\/instrucoes-aos-autores-para-apresentacao-do-manuscrito\/","title":{"rendered":"Instru\u00e7\u00f5es aos autores para apresenta\u00e7\u00e3o do manuscrito"},"content":{"rendered":"<p>O\u00a0<em>Journal of Transcatheter Interventions\u00a0<\/em>adota as normas para publica\u00e7\u00e3o estabelecidas no <i><span lang=\"EN-US\"><a href=\"http:\/\/www.icmje.org\/\">Uniform Requirements for Manuscripts Submitted to Biomedical Journals: Writing and Editing for Biomedical Publication<\/a><\/span><\/i>.<\/p>\n<p>Os textos e as tabelas devem ser editados em Word, apresentados em l\u00edngua portuguesa ou inglesa, em fonte Arial, tamanho 12, com espa\u00e7amento duplo entrelinhas, margens superior e inferior de 2,5cm, e direita e esquerda de 3cm. O n\u00famero de palavras e de refer\u00eancias n\u00e3o deve exceder o recomendado para cada categoria de artigo.<\/p>\n<p>S\u00e3o considerados para revis\u00e3o apenas os manuscritos cujos dados n\u00e3o se encontram em avalia\u00e7\u00e3o em outros peri\u00f3dicos e\/ou que n\u00e3o tenham sido previamente publicados, exceto em resumos com menos de 400 palavras.<\/p>\n<p>&nbsp;<\/p>\n<p><strong>T\u00edtulos<\/strong><\/p>\n<p>Devem ser fornecidos um t\u00edtulo principal e um t\u00edtulo curto para o artigo, apenas na l\u00edngua em que o manuscrito foi redigido.<\/p>\n<p>N\u00e3o \u00e9 recomendada a inser\u00e7\u00e3o de caracter\u00edsticas temporais ou geogr\u00e1ficas do estudo nos t\u00edtulos.<\/p>\n<p>&nbsp;<\/p>\n<p><strong>Autoria<\/strong><\/p>\n<p>A autoria dos manuscritos deve ser baseada em: (1) concep\u00e7\u00e3o e desenho do estudo; (2) coleta dos dados; (3) an\u00e1lise e interpreta\u00e7\u00e3o dos dados; (4) composi\u00e7\u00e3o e reda\u00e7\u00e3o do artigo ou sua revis\u00e3o intelectual cr\u00edtica; (5) responsabilidade pela aprova\u00e7\u00e3o final da publica\u00e7\u00e3o. Todos os autores t\u00eam a obrigatoriedade de garantir que quest\u00f5es relacionadas \u00e0 precis\u00e3o ou \u00e0 integridade de qualquer parte do trabalho possam ser devidamente investigadas e determinadas.<\/p>\n<p>Participa\u00e7\u00f5es que n\u00e3o atendem a esses crit\u00e9rios devem ser listadas no item Agradecimentos.<\/p>\n<p>A inclus\u00e3o ou a exclus\u00e3o de nomes de autores durante o processo de revis\u00e3o somente pode ser feita ap\u00f3s aprova\u00e7\u00e3o do editor e mediante assinatura de consentimento de todos autores. Tais mudan\u00e7as n\u00e3o s\u00e3o permitidas ap\u00f3s a aprova\u00e7\u00e3o do artigo.<\/p>\n<p>Vincular tamb\u00e9m a cada autor a institui\u00e7\u00e3o \u00e0 qual o presente trabalho deve ser atribu\u00eddo, informando faculdade\/departamento, cidade, Estado e pa\u00eds da institui\u00e7\u00e3o.<\/p>\n<p>Um dos autores deve ser o correspondente e ser\u00e1 respons\u00e1vel por todo o processo de produ\u00e7\u00e3o do artigo (eventuais corre\u00e7\u00f5es, aprova\u00e7\u00f5es etc.), bem como por correspond\u00eancias posteriores \u00e0 publica\u00e7\u00e3o. Devem ser fornecidos o e-mail e o endere\u00e7o desse autor \u2013 sugerimos sempre que sejam informados dados institucionais, pois estes s\u00e3o publicados.<\/p>\n<p>&nbsp;<\/p>\n<p><strong>Orcid<\/strong><\/p>\n<p>Ao submeter o material, incluir obrigatoriamente o <a href=\"https:\/\/orcid.org\/\">Orcid<\/a> de cada autor.<\/p>\n<p>\u00c9 importante que o formato do nome adotado no manuscrito seja o mesmo cadastrado no Orcid. Sugerimos, ainda, que os dados fiquem no modo p\u00fablico no cadastro Orcid.<\/p>\n<p>&nbsp;<\/p>\n<p><strong>Lattes<\/strong><\/p>\n<p>Para autores brasileiros, \u00e9 tamb\u00e9m obrigat\u00f3ria a indica\u00e7\u00e3o do <em>link<\/em> para acesso do curr\u00edculo de cada autor na Plataforma Lattes (<a href=\"https:\/\/lattes.cnpq.br\/\">https:\/\/lattes.cnpq.br\/<\/a>). Recomenda-se manter sempre os dados atualizados nesse curr\u00edculo.<\/p>\n<p>&nbsp;<\/p>\n<p><strong>Resumo<\/strong><\/p>\n<p>Depois do t\u00edtulo, o resumo \u00e9, em geral, a parte mais lida do texto. Por isso, \u00e9 imprescind\u00edvel que ele contemple os principais pontos do estudo em tela.<\/p>\n<p>Ele deve apresentar um breve panorama do estado atual do tema abordado acompanhado dos objetivos, os m\u00e9todos utilizados para executar a pesquisa, os principais resultados obtidos e uma conclus\u00e3o.<\/p>\n<p>Apenas o resumo do Artigo Original deve ser estruturado em introdu\u00e7\u00e3o, resultados, m\u00e9todos e conclus\u00e3o.<\/p>\n<p>N\u00e3o \u00e9 necess\u00e1rio incluir o Abstract.<\/p>\n<p>N\u00e3o esquecer de selecionar de tr\u00eas a cinco descritores, conforme os <a href=\"https:\/\/decs.bvsalud.org\/ths?filter=ths_termall&amp;q=Ensino+de+Ci\u00eancias\">Descritores em Ci\u00eancias da Sa\u00fade<\/a>.<\/p>\n<p>&nbsp;<\/p>\n<p><strong>Agradecimentos<\/strong><\/p>\n<p>Podem ser feitos a pessoas que colaboraram intelectualmente com o trabalho, desde que elas n\u00e3o preencham os requisitos para participarem da autoria do manuscrito e nem mantenham v\u00ednculo com institui\u00e7\u00f5es que tenham oferecido apoio financeiro e\/ou log\u00edstico. As pessoas citadas devem enviar carta autorizando a inclus\u00e3o de seu nome na se\u00e7\u00e3o (por conta da eventual implica\u00e7\u00e3o no endosso de dados e conclus\u00f5es). N\u00e3o \u00e9 necess\u00e1rio consentimento por escrito se os agradecimentos forem feitos a membros da equipe de trabalho. Devem ter, no m\u00e1ximo, 50 palavras.<\/p>\n<p>&nbsp;<\/p>\n<p><strong>Refer\u00eancias<\/strong><\/p>\n<p>A acur\u00e1cia das refer\u00eancias \u00e9 de responsabilidade do autor. Recomenda-se uma listagem bibliogr\u00e1fica com at\u00e9 5 anos de publica\u00e7\u00e3o.<\/p>\n<p>As cita\u00e7\u00f5es devem ser identificadas com algarismos ar\u00e1bicos sobrescritos em ordem crescente, no corpo do texto, conforme as Normas de Vancouver elaboradas pelo <i><a href=\"http:\/\/www.icmje.org\/\">International Committee of Medical Journal Editors<\/a><\/i><em>\u00a0<\/em>(ICMJE).<\/p>\n<p>Comunica\u00e7\u00f5es pessoais,\u00a0<em>abstracts\u00a0<\/em>e apresenta\u00e7\u00f5es orais em congressos n\u00e3o s\u00e3o aceitos como cita\u00e7\u00f5es.<\/p>\n<p>Todas as refer\u00eancias devem apresentar o doi. Caso este n\u00e3o esteja dispon\u00edvel, pede-se que o PMID seja inclu\u00eddo.<\/p>\n<p>&nbsp;<\/p>\n<p>Exemplos para apresenta\u00e7\u00e3o de refer\u00eancia:<\/p>\n<p><strong>Peri\u00f3dicos<\/strong><\/p>\n<p>Hanna EB, Hennebry TA. Periprocedural myocardial infarction: review and classification. Clin Cardiol. 2010;33(8):476-83. https:\/\/doi.org\/10.1002\/clc.20819<\/p>\n<p>Wang W, Xu Y, Gao R, Lu R, Han K, Wu G, et al. Detection of SARS-CoV-2 in different types of clinical specimens. JAMA. 2020 Mar 11. https:\/\/doi.org\/10.1001\/jama.2020.3786<\/p>\n<p><a href=\"https:\/\/www.ncbi.nlm.nih.gov\/pubmed\/?term=Bugiardini%20R%5BAuthor%5D&amp;cauthor=true&amp;cauthor_uid=21383003\">Bugiardini R<\/a>,\u00a0<a href=\"https:\/\/www.ncbi.nlm.nih.gov\/pubmed\/?term=Yan%20AT%5BAuthor%5D&amp;cauthor=true&amp;cauthor_uid=21383003\">Yan AT<\/a>,\u00a0<a href=\"https:\/\/www.ncbi.nlm.nih.gov\/pubmed\/?term=Yan%20RT%5BAuthor%5D&amp;cauthor=true&amp;cauthor_uid=21383003\">Yan RT<\/a>,\u00a0<a href=\"https:\/\/www.ncbi.nlm.nih.gov\/pubmed\/?term=Fitchett%20D%5BAuthor%5D&amp;cauthor=true&amp;cauthor_uid=21383003\">Fitchett D<\/a>,\u00a0<a href=\"https:\/\/www.ncbi.nlm.nih.gov\/pubmed\/?term=Langer%20A%5BAuthor%5D&amp;cauthor=true&amp;cauthor_uid=21383003\">Langer A<\/a>,\u00a0<a href=\"https:\/\/www.ncbi.nlm.nih.gov\/pubmed\/?term=Manfrini%20O%5BAuthor%5D&amp;cauthor=true&amp;cauthor_uid=21383003\">Manfrini O<\/a>,\u00a0<a href=\"https:\/\/www.ncbi.nlm.nih.gov\/pubmed\/?term=Goodman%20SG%5BAuthor%5D&amp;cauthor=true&amp;cauthor_uid=21383003\">Goodman SG<\/a>;\u00a0<a href=\"https:\/\/www.ncbi.nlm.nih.gov\/pubmed\/?term=Canadian%20Acute%20Coronary%20Syndrome%20Registry%20I%20and%20II%20Investigators%5BCorporate%20Author%5D\">Canadian Acute Coronary Syndrome Registry I and II Investigators<\/a>. Factors influencing underutilization of evidence-based therapies in women. Eur Heart J. 2011;32(11):1337-44. https:\/\/doi.org\/10.1093\/eurheartj\/ehr027<\/p>\n<p>Piegas LS, Timerman A, Feitosa GS, Nicolau JC, Mattos LA, Andrade MD, et al. V Diretriz da Sociedade Brasileira de Cardiologia sobre tratamento do infarto agudo do mioc\u00e1rdio com supradesn\u00edvel do segmento ST. Arq Bras Cardiol [Internet]. 2015 [citado 2018 Jan 19]: 105(2 Supl.1). Dispon\u00edvel em: http:\/\/publicacoes. cardiol.br\/2014\/diretrizes\/2015\/02_TRATAMENTO% 20DO%20IAM%20COM%20SUPRADESNIVEL%20DO%20SEGMENTO%20ST.pdf<\/p>\n<p>National Institute of Neurological Disorders and Stroke rtPA Stroke Study Group. Tissue plasminogen activator for acute ischemic stroke. N Engl J Med. 1995;333(24):15817. https:\/\/doi.org\/10.1056\/NEJM199512143332401<\/p>\n<p>&nbsp;<\/p>\n<p><strong>Livros e cap\u00edtulos de livro<\/strong><\/p>\n<p>Braunwald E, Zipes DP, Libby P, Bonow R. A textbook of cardiovascular medicine. 10th ed. Philadelphia: Saunders Elsevier; 2017.<\/p>\n<p>Nabel EG, Nabel GJ. Gene therapy for cardiovascular disease. In: Harber E, editor. Molecular cardiovascular medicine. New York: Scientific American; 1995. p. 7996.<\/p>\n<p>&nbsp;<\/p>\n<p><strong>Legisla\u00e7\u00e3o<\/strong><\/p>\n<p>Brasil. Minist\u00e9rio da Sa\u00fade. Conselho Nacional de Sa\u00fade. Resolu\u00e7\u00e3o 466\/2012. Bras\u00edlia, DF: Minist\u00e9rio da Sa\u00fade; 2012.<\/p>\n<p>Brasil. Minist\u00e9rio da Sa\u00fade. Boletim Epidemiol\u00f3gico. Especial: doen\u00e7a pelo coronav\u00edrus 2019 [Internet]. Bras\u00edlia, DF: Centro de Opera\u00e7\u00f5es de Emerg\u00eancias em Sa\u00fade P\u00fablica; 6 de abril de 2020 [citado em 2020 Apr 8]. Dispon\u00edvel em: <a href=\"https:\/\/portalarquivos.saude.gov.br\/images\/pdf\/2020\/April\/06\/2020-04-06-BE7-Boletim-Especial-do-COE-Atualizacao-da-Avaliacao-de-Risco.pdf\">https:\/\/portalarquivos.saude.gov.br\/images\/pdf\/2020\/April\/06\/2020-04-06-BE7-Boletim-Especial-do-COE-Atualizacao-da-Avaliacao-de-Risco.pdf<\/a><\/p>\n<p>Atualizado em: 24 de outubro de 2023.<\/p>\n","protected":false},"excerpt":{"rendered":"<p>O\u00a0Journal of Transcatheter Interventions\u00a0adota as normas para publica\u00e7\u00e3o estabelecidas no Uniform Requirements for Manuscripts Submitted to Biomedical Journals: Writing and Editing for Biomedical Publication. Os textos e as tabelas devem ser editados em Word, apresentados em l\u00edngua portuguesa ou inglesa, em fonte Arial, tamanho 12, com espa\u00e7amento duplo entrelinhas, margens superior e inferior de 2,5cm, e direita e esquerda de 3cm. O n\u00famero de palavras e de refer\u00eancias n\u00e3o deve exceder o recomendado para cada categoria de artigo. S\u00e3o considerados [&#8230;]<\/p>\n","protected":false},"author":3,"featured_media":0,"parent":0,"menu_order":0,"comment_status":"closed","ping_status":"closed","template":"","meta":{"footnotes":""},"class_list":["post-1755","page","type-page","status-publish","hentry"],"yoast_head":"<!-- This site is optimized with the Yoast SEO plugin v26.9 - https:\/\/yoast.com\/product\/yoast-seo-wordpress\/ -->\n<title>Instru\u00e7\u00f5es aos autores para apresenta\u00e7\u00e3o do manuscrito - Journal of Transcatheter Interventions<\/title>\n<meta name=\"robots\" content=\"index, follow, max-snippet:-1, max-image-preview:large, max-video-preview:-1\" \/>\n<link rel=\"canonical\" href=\"https:\/\/jotci.org\/pt-br\/instrucoes-aos-autores-para-apresentacao-do-manuscrito\/\" \/>\n<meta property=\"og:locale\" content=\"pt_BR\" \/>\n<meta property=\"og:type\" content=\"article\" \/>\n<meta property=\"og:title\" content=\"Instru\u00e7\u00f5es aos autores para apresenta\u00e7\u00e3o do manuscrito - Journal of Transcatheter Interventions\" \/>\n<meta property=\"og:description\" content=\"O\u00a0Journal of Transcatheter Interventions\u00a0adota as normas para publica\u00e7\u00e3o estabelecidas no Uniform Requirements for Manuscripts Submitted to Biomedical Journals: Writing and Editing for Biomedical Publication. Os textos e as tabelas devem ser editados em Word, apresentados em l\u00edngua portuguesa ou inglesa, em fonte Arial, tamanho 12, com espa\u00e7amento duplo entrelinhas, margens superior e inferior de 2,5cm, e direita e esquerda de 3cm. O n\u00famero de palavras e de refer\u00eancias n\u00e3o deve exceder o recomendado para cada categoria de artigo. S\u00e3o considerados [...]\" \/>\n<meta property=\"og:url\" content=\"https:\/\/jotci.org\/pt-br\/instrucoes-aos-autores-para-apresentacao-do-manuscrito\/\" \/>\n<meta property=\"og:site_name\" content=\"Journal of Transcatheter Interventions\" \/>\n<meta property=\"article:publisher\" content=\"https:\/\/www.facebook.com\/Sbhcicardiologia\" \/>\n<meta property=\"article:modified_time\" content=\"2023-10-24T16:23:04+00:00\" \/>\n<meta name=\"twitter:card\" content=\"summary_large_image\" \/>\n<meta name=\"twitter:site\" content=\"@sbci_org_br\" \/>\n<meta name=\"twitter:label1\" content=\"Est. tempo de leitura\" \/>\n\t<meta name=\"twitter:data1\" content=\"5 minutos\" \/>\n<script type=\"application\/ld+json\" class=\"yoast-schema-graph\">{\"@context\":\"https:\/\/schema.org\",\"@graph\":[{\"@type\":\"WebPage\",\"@id\":\"https:\/\/jotci.org\/pt-br\/instrucoes-aos-autores-para-apresentacao-do-manuscrito\/\",\"url\":\"https:\/\/jotci.org\/pt-br\/instrucoes-aos-autores-para-apresentacao-do-manuscrito\/\",\"name\":\"Instru\u00e7\u00f5es aos autores para apresenta\u00e7\u00e3o do manuscrito - Journal of Transcatheter Interventions\",\"isPartOf\":{\"@id\":\"https:\/\/jotci.org\/#website\"},\"datePublished\":\"2020-07-13T16:01:51+00:00\",\"dateModified\":\"2023-10-24T16:23:04+00:00\",\"breadcrumb\":{\"@id\":\"https:\/\/jotci.org\/pt-br\/instrucoes-aos-autores-para-apresentacao-do-manuscrito\/#breadcrumb\"},\"inLanguage\":\"pt-BR\",\"potentialAction\":[{\"@type\":\"ReadAction\",\"target\":[\"https:\/\/jotci.org\/pt-br\/instrucoes-aos-autores-para-apresentacao-do-manuscrito\/\"]}]},{\"@type\":\"BreadcrumbList\",\"@id\":\"https:\/\/jotci.org\/pt-br\/instrucoes-aos-autores-para-apresentacao-do-manuscrito\/#breadcrumb\",\"itemListElement\":[{\"@type\":\"ListItem\",\"position\":1,\"name\":\"In\u00edcio\",\"item\":\"https:\/\/jotci.org\/pt-br\/\"},{\"@type\":\"ListItem\",\"position\":2,\"name\":\"Instru\u00e7\u00f5es aos autores para apresenta\u00e7\u00e3o do manuscrito\"}]},{\"@type\":\"WebSite\",\"@id\":\"https:\/\/jotci.org\/#website\",\"url\":\"https:\/\/jotci.org\/\",\"name\":\"Journal of Transcatheter Interventions\",\"description\":\"&lt;em&gt;(Continua\u00e7\u00e3o de: &lt;a href=&quot;http:\/\/www.rbci.org.br\/&quot;&gt;Revista Brasileira de Cardiologia Invasiva&lt;\/a&gt;)&lt;\/em&gt;&lt;br\/&gt;Publica\u00e7\u00e3o Oficial da &lt;a href=&quot;http:\/\/sbhci.org.br\/&quot;&gt;Sociedade Brasileira de Hemodin\u00e2mica e Cardiologia Intervencionista&lt;\/a&gt;\",\"potentialAction\":[{\"@type\":\"SearchAction\",\"target\":{\"@type\":\"EntryPoint\",\"urlTemplate\":\"https:\/\/jotci.org\/?s={search_term_string}\"},\"query-input\":{\"@type\":\"PropertyValueSpecification\",\"valueRequired\":true,\"valueName\":\"search_term_string\"}}],\"inLanguage\":\"pt-BR\"}]}<\/script>\n<!-- \/ Yoast SEO plugin. -->","yoast_head_json":{"title":"Instru\u00e7\u00f5es aos autores para apresenta\u00e7\u00e3o do manuscrito - Journal of Transcatheter Interventions","robots":{"index":"index","follow":"follow","max-snippet":"max-snippet:-1","max-image-preview":"max-image-preview:large","max-video-preview":"max-video-preview:-1"},"canonical":"https:\/\/jotci.org\/pt-br\/instrucoes-aos-autores-para-apresentacao-do-manuscrito\/","og_locale":"pt_BR","og_type":"article","og_title":"Instru\u00e7\u00f5es aos autores para apresenta\u00e7\u00e3o do manuscrito - Journal of Transcatheter Interventions","og_description":"O\u00a0Journal of Transcatheter Interventions\u00a0adota as normas para publica\u00e7\u00e3o estabelecidas no Uniform Requirements for Manuscripts Submitted to Biomedical Journals: Writing and Editing for Biomedical Publication. Os textos e as tabelas devem ser editados em Word, apresentados em l\u00edngua portuguesa ou inglesa, em fonte Arial, tamanho 12, com espa\u00e7amento duplo entrelinhas, margens superior e inferior de 2,5cm, e direita e esquerda de 3cm. O n\u00famero de palavras e de refer\u00eancias n\u00e3o deve exceder o recomendado para cada categoria de artigo. S\u00e3o considerados [...]","og_url":"https:\/\/jotci.org\/pt-br\/instrucoes-aos-autores-para-apresentacao-do-manuscrito\/","og_site_name":"Journal of Transcatheter Interventions","article_publisher":"https:\/\/www.facebook.com\/Sbhcicardiologia","article_modified_time":"2023-10-24T16:23:04+00:00","twitter_card":"summary_large_image","twitter_site":"@sbci_org_br","twitter_misc":{"Est. tempo de leitura":"5 minutos"},"schema":{"@context":"https:\/\/schema.org","@graph":[{"@type":"WebPage","@id":"https:\/\/jotci.org\/pt-br\/instrucoes-aos-autores-para-apresentacao-do-manuscrito\/","url":"https:\/\/jotci.org\/pt-br\/instrucoes-aos-autores-para-apresentacao-do-manuscrito\/","name":"Instru\u00e7\u00f5es aos autores para apresenta\u00e7\u00e3o do manuscrito - Journal of Transcatheter Interventions","isPartOf":{"@id":"https:\/\/jotci.org\/#website"},"datePublished":"2020-07-13T16:01:51+00:00","dateModified":"2023-10-24T16:23:04+00:00","breadcrumb":{"@id":"https:\/\/jotci.org\/pt-br\/instrucoes-aos-autores-para-apresentacao-do-manuscrito\/#breadcrumb"},"inLanguage":"pt-BR","potentialAction":[{"@type":"ReadAction","target":["https:\/\/jotci.org\/pt-br\/instrucoes-aos-autores-para-apresentacao-do-manuscrito\/"]}]},{"@type":"BreadcrumbList","@id":"https:\/\/jotci.org\/pt-br\/instrucoes-aos-autores-para-apresentacao-do-manuscrito\/#breadcrumb","itemListElement":[{"@type":"ListItem","position":1,"name":"In\u00edcio","item":"https:\/\/jotci.org\/pt-br\/"},{"@type":"ListItem","position":2,"name":"Instru\u00e7\u00f5es aos autores para apresenta\u00e7\u00e3o do manuscrito"}]},{"@type":"WebSite","@id":"https:\/\/jotci.org\/#website","url":"https:\/\/jotci.org\/","name":"Journal of Transcatheter Interventions","description":"&lt;em&gt;(Continua\u00e7\u00e3o de: &lt;a href=&quot;http:\/\/www.rbci.org.br\/&quot;&gt;Revista Brasileira de Cardiologia Invasiva&lt;\/a&gt;)&lt;\/em&gt;&lt;br\/&gt;Publica\u00e7\u00e3o Oficial da &lt;a href=&quot;http:\/\/sbhci.org.br\/&quot;&gt;Sociedade Brasileira de Hemodin\u00e2mica e Cardiologia Intervencionista&lt;\/a&gt;","potentialAction":[{"@type":"SearchAction","target":{"@type":"EntryPoint","urlTemplate":"https:\/\/jotci.org\/?s={search_term_string}"},"query-input":{"@type":"PropertyValueSpecification","valueRequired":true,"valueName":"search_term_string"}}],"inLanguage":"pt-BR"}]}},"_links":{"self":[{"href":"https:\/\/jotci.org\/pt-br\/wp-json\/wp\/v2\/pages\/1755","targetHints":{"allow":["GET"]}}],"collection":[{"href":"https:\/\/jotci.org\/pt-br\/wp-json\/wp\/v2\/pages"}],"about":[{"href":"https:\/\/jotci.org\/pt-br\/wp-json\/wp\/v2\/types\/page"}],"author":[{"embeddable":true,"href":"https:\/\/jotci.org\/pt-br\/wp-json\/wp\/v2\/users\/3"}],"replies":[{"embeddable":true,"href":"https:\/\/jotci.org\/pt-br\/wp-json\/wp\/v2\/comments?post=1755"}],"version-history":[{"count":12,"href":"https:\/\/jotci.org\/pt-br\/wp-json\/wp\/v2\/pages\/1755\/revisions"}],"predecessor-version":[{"id":2573,"href":"https:\/\/jotci.org\/pt-br\/wp-json\/wp\/v2\/pages\/1755\/revisions\/2573"}],"wp:attachment":[{"href":"https:\/\/jotci.org\/pt-br\/wp-json\/wp\/v2\/media?parent=1755"}],"curies":[{"name":"wp","href":"https:\/\/api.w.org\/{rel}","templated":true}]}}