{"id":1759,"date":"2020-07-13T13:04:08","date_gmt":"2020-07-13T16:04:08","guid":{"rendered":"https:\/\/jotci.org\/?page_id=1759"},"modified":"2020-07-13T13:04:08","modified_gmt":"2020-07-13T16:04:08","slug":"videos","status":"publish","type":"page","link":"https:\/\/jotci.org\/pt-br\/videos\/","title":{"rendered":"V\u00eddeos"},"content":{"rendered":"<p>Nossa plataforma de submiss\u00e3o permite o envio de v\u00eddeos.<\/p>\n<p>Para tal, basta, no passo 6 das etapas de submiss\u00e3o, \u201c<em>uploading your files<\/em>\u201d, selecionar o v\u00eddeo em seu computador, escolher a designa\u00e7\u00e3o (\u201c<em>choose file designation<\/em>\u201d) \u201c<em>supplementary file \u2013 video<\/em>\u201d e, ap\u00f3s ter inclu\u00eddo todos os demais arquivos, clicar em \u201c<em>upload selected files<\/em>\u201d.<\/p>\n<p>Ao enviar v\u00eddeos, por favor, observem a manuten\u00e7\u00e3o do anonimato dos autores, uma vez que o material passa pela avalia\u00e7\u00e3o dos pares, e o respeito aos direitos dos pacientes.<\/p>\n<p>Tamb\u00e9m \u00e9 importante checar se o tamanho do conjunto dos arquivos submetidos ultrapassa o m\u00e1ximo de 10 MB, que \u00e9 o tamanho suportado pelo ScholarOne\u2122. Caso esse limite seja extrapolado, \u00e9 poss\u00edvel informar um <em>link<\/em> de acesso ao v\u00eddeo.<\/p>\n","protected":false},"excerpt":{"rendered":"<p>Nossa plataforma de submiss\u00e3o permite o envio de v\u00eddeos. Para tal, basta, no passo 6 das etapas de submiss\u00e3o, \u201cuploading your files\u201d, selecionar o v\u00eddeo em seu computador, escolher a designa\u00e7\u00e3o (\u201cchoose file designation\u201d) \u201csupplementary file \u2013 video\u201d e, ap\u00f3s ter inclu\u00eddo todos os demais arquivos, clicar em \u201cupload selected files\u201d. Ao enviar v\u00eddeos, por favor, observem a manuten\u00e7\u00e3o do anonimato dos autores, uma vez que o material passa pela avalia\u00e7\u00e3o dos pares, e o respeito aos direitos dos pacientes. [&#8230;]<\/p>\n","protected":false},"author":3,"featured_media":0,"parent":0,"menu_order":0,"comment_status":"closed","ping_status":"closed","template":"","meta":{"footnotes":""},"class_list":["post-1759","page","type-page","status-publish","hentry"],"yoast_head":"<!-- This site is optimized with the Yoast SEO plugin v26.9 - https:\/\/yoast.com\/product\/yoast-seo-wordpress\/ -->\n<title>V\u00eddeos - Journal of Transcatheter Interventions<\/title>\n<meta name=\"robots\" content=\"index, follow, max-snippet:-1, max-image-preview:large, max-video-preview:-1\" \/>\n<link rel=\"canonical\" href=\"https:\/\/jotci.org\/pt-br\/videos\/\" \/>\n<meta property=\"og:locale\" content=\"pt_BR\" \/>\n<meta property=\"og:type\" content=\"article\" \/>\n<meta property=\"og:title\" content=\"V\u00eddeos - Journal of Transcatheter Interventions\" \/>\n<meta property=\"og:description\" content=\"Nossa plataforma de submiss\u00e3o permite o envio de v\u00eddeos. Para tal, basta, no passo 6 das etapas de submiss\u00e3o, \u201cuploading your files\u201d, selecionar o v\u00eddeo em seu computador, escolher a designa\u00e7\u00e3o (\u201cchoose file designation\u201d) \u201csupplementary file \u2013 video\u201d e, ap\u00f3s ter inclu\u00eddo todos os demais arquivos, clicar em \u201cupload selected files\u201d. Ao enviar v\u00eddeos, por favor, observem a manuten\u00e7\u00e3o do anonimato dos autores, uma vez que o material passa pela avalia\u00e7\u00e3o dos pares, e o respeito aos direitos dos pacientes. [...]\" \/>\n<meta property=\"og:url\" content=\"https:\/\/jotci.org\/pt-br\/videos\/\" \/>\n<meta property=\"og:site_name\" content=\"Journal of Transcatheter Interventions\" \/>\n<meta property=\"article:publisher\" content=\"https:\/\/www.facebook.com\/Sbhcicardiologia\" \/>\n<meta name=\"twitter:card\" content=\"summary_large_image\" \/>\n<meta name=\"twitter:site\" content=\"@sbci_org_br\" \/>\n<meta name=\"twitter:label1\" content=\"Est. tempo de leitura\" \/>\n\t<meta name=\"twitter:data1\" content=\"1 minuto\" \/>\n<script type=\"application\/ld+json\" class=\"yoast-schema-graph\">{\"@context\":\"https:\/\/schema.org\",\"@graph\":[{\"@type\":\"WebPage\",\"@id\":\"https:\/\/jotci.org\/pt-br\/videos\/\",\"url\":\"https:\/\/jotci.org\/pt-br\/videos\/\",\"name\":\"V\u00eddeos - Journal of Transcatheter Interventions\",\"isPartOf\":{\"@id\":\"https:\/\/jotci.org\/#website\"},\"datePublished\":\"2020-07-13T16:04:08+00:00\",\"breadcrumb\":{\"@id\":\"https:\/\/jotci.org\/pt-br\/videos\/#breadcrumb\"},\"inLanguage\":\"pt-BR\",\"potentialAction\":[{\"@type\":\"ReadAction\",\"target\":[\"https:\/\/jotci.org\/pt-br\/videos\/\"]}]},{\"@type\":\"BreadcrumbList\",\"@id\":\"https:\/\/jotci.org\/pt-br\/videos\/#breadcrumb\",\"itemListElement\":[{\"@type\":\"ListItem\",\"position\":1,\"name\":\"In\u00edcio\",\"item\":\"https:\/\/jotci.org\/pt-br\/\"},{\"@type\":\"ListItem\",\"position\":2,\"name\":\"V\u00eddeos\"}]},{\"@type\":\"WebSite\",\"@id\":\"https:\/\/jotci.org\/#website\",\"url\":\"https:\/\/jotci.org\/\",\"name\":\"Journal of Transcatheter Interventions\",\"description\":\"&lt;em&gt;(Continua\u00e7\u00e3o de: &lt;a href=&quot;http:\/\/www.rbci.org.br\/&quot;&gt;Revista Brasileira de Cardiologia Invasiva&lt;\/a&gt;)&lt;\/em&gt;&lt;br\/&gt;Publica\u00e7\u00e3o Oficial da &lt;a href=&quot;http:\/\/sbhci.org.br\/&quot;&gt;Sociedade Brasileira de Hemodin\u00e2mica e Cardiologia Intervencionista&lt;\/a&gt;\",\"potentialAction\":[{\"@type\":\"SearchAction\",\"target\":{\"@type\":\"EntryPoint\",\"urlTemplate\":\"https:\/\/jotci.org\/?s={search_term_string}\"},\"query-input\":{\"@type\":\"PropertyValueSpecification\",\"valueRequired\":true,\"valueName\":\"search_term_string\"}}],\"inLanguage\":\"pt-BR\"}]}<\/script>\n<!-- \/ Yoast SEO plugin. -->","yoast_head_json":{"title":"V\u00eddeos - Journal of Transcatheter Interventions","robots":{"index":"index","follow":"follow","max-snippet":"max-snippet:-1","max-image-preview":"max-image-preview:large","max-video-preview":"max-video-preview:-1"},"canonical":"https:\/\/jotci.org\/pt-br\/videos\/","og_locale":"pt_BR","og_type":"article","og_title":"V\u00eddeos - Journal of Transcatheter Interventions","og_description":"Nossa plataforma de submiss\u00e3o permite o envio de v\u00eddeos. Para tal, basta, no passo 6 das etapas de submiss\u00e3o, \u201cuploading your files\u201d, selecionar o v\u00eddeo em seu computador, escolher a designa\u00e7\u00e3o (\u201cchoose file designation\u201d) \u201csupplementary file \u2013 video\u201d e, ap\u00f3s ter inclu\u00eddo todos os demais arquivos, clicar em \u201cupload selected files\u201d. Ao enviar v\u00eddeos, por favor, observem a manuten\u00e7\u00e3o do anonimato dos autores, uma vez que o material passa pela avalia\u00e7\u00e3o dos pares, e o respeito aos direitos dos pacientes. [...]","og_url":"https:\/\/jotci.org\/pt-br\/videos\/","og_site_name":"Journal of Transcatheter Interventions","article_publisher":"https:\/\/www.facebook.com\/Sbhcicardiologia","twitter_card":"summary_large_image","twitter_site":"@sbci_org_br","twitter_misc":{"Est. tempo de leitura":"1 minuto"},"schema":{"@context":"https:\/\/schema.org","@graph":[{"@type":"WebPage","@id":"https:\/\/jotci.org\/pt-br\/videos\/","url":"https:\/\/jotci.org\/pt-br\/videos\/","name":"V\u00eddeos - Journal of Transcatheter Interventions","isPartOf":{"@id":"https:\/\/jotci.org\/#website"},"datePublished":"2020-07-13T16:04:08+00:00","breadcrumb":{"@id":"https:\/\/jotci.org\/pt-br\/videos\/#breadcrumb"},"inLanguage":"pt-BR","potentialAction":[{"@type":"ReadAction","target":["https:\/\/jotci.org\/pt-br\/videos\/"]}]},{"@type":"BreadcrumbList","@id":"https:\/\/jotci.org\/pt-br\/videos\/#breadcrumb","itemListElement":[{"@type":"ListItem","position":1,"name":"In\u00edcio","item":"https:\/\/jotci.org\/pt-br\/"},{"@type":"ListItem","position":2,"name":"V\u00eddeos"}]},{"@type":"WebSite","@id":"https:\/\/jotci.org\/#website","url":"https:\/\/jotci.org\/","name":"Journal of Transcatheter Interventions","description":"&lt;em&gt;(Continua\u00e7\u00e3o de: &lt;a href=&quot;http:\/\/www.rbci.org.br\/&quot;&gt;Revista Brasileira de Cardiologia Invasiva&lt;\/a&gt;)&lt;\/em&gt;&lt;br\/&gt;Publica\u00e7\u00e3o Oficial da &lt;a href=&quot;http:\/\/sbhci.org.br\/&quot;&gt;Sociedade Brasileira de Hemodin\u00e2mica e Cardiologia Intervencionista&lt;\/a&gt;","potentialAction":[{"@type":"SearchAction","target":{"@type":"EntryPoint","urlTemplate":"https:\/\/jotci.org\/?s={search_term_string}"},"query-input":{"@type":"PropertyValueSpecification","valueRequired":true,"valueName":"search_term_string"}}],"inLanguage":"pt-BR"}]}},"_links":{"self":[{"href":"https:\/\/jotci.org\/pt-br\/wp-json\/wp\/v2\/pages\/1759","targetHints":{"allow":["GET"]}}],"collection":[{"href":"https:\/\/jotci.org\/pt-br\/wp-json\/wp\/v2\/pages"}],"about":[{"href":"https:\/\/jotci.org\/pt-br\/wp-json\/wp\/v2\/types\/page"}],"author":[{"embeddable":true,"href":"https:\/\/jotci.org\/pt-br\/wp-json\/wp\/v2\/users\/3"}],"replies":[{"embeddable":true,"href":"https:\/\/jotci.org\/pt-br\/wp-json\/wp\/v2\/comments?post=1759"}],"version-history":[{"count":1,"href":"https:\/\/jotci.org\/pt-br\/wp-json\/wp\/v2\/pages\/1759\/revisions"}],"predecessor-version":[{"id":1760,"href":"https:\/\/jotci.org\/pt-br\/wp-json\/wp\/v2\/pages\/1759\/revisions\/1760"}],"wp:attachment":[{"href":"https:\/\/jotci.org\/pt-br\/wp-json\/wp\/v2\/media?parent=1759"}],"curies":[{"name":"wp","href":"https:\/\/api.w.org\/{rel}","templated":true}]}}