{"id":1765,"date":"2020-07-13T13:05:34","date_gmt":"2020-07-13T16:05:34","guid":{"rendered":"https:\/\/jotci.org\/?page_id=1765"},"modified":"2023-12-04T12:19:17","modified_gmt":"2023-12-04T15:19:17","slug":"formularios","status":"publish","type":"page","link":"https:\/\/jotci.org\/pt-br\/formularios\/","title":{"rendered":"Formul\u00e1rios"},"content":{"rendered":"<ul>\n<li><a href=\"https:\/\/jotci.org\/wp-content\/uploads\/2020\/07\/2FORM_Carta-de-Submissao.pdf\">Carta de submiss\u00e3o<\/a>.<\/li>\n<li><a href=\"https:\/\/jotci.org\/wp-content\/uploads\/2020\/07\/2FORM_Financiamento-e-Conflito-de-Interesse.pdf\">Declara\u00e7\u00e3o de aus\u00eancia\/presen\u00e7a de fonte de financiamento<\/a>.<\/li>\n<li><a href=\"https:\/\/jotci.org\/wp-content\/uploads\/2020\/07\/2FORM_Financiamento-e-Conflito-de-Interesse.pdf\">Declara\u00e7\u00e3o de aus\u00eancia\/presen\u00e7a de conflitos de interesses<\/a>.<\/li>\n<\/ul>\n","protected":false},"excerpt":{"rendered":"<p>Carta de submiss\u00e3o. Declara\u00e7\u00e3o de aus\u00eancia\/presen\u00e7a de fonte de financiamento. Declara\u00e7\u00e3o de aus\u00eancia\/presen\u00e7a de conflitos de interesses.<\/p>\n","protected":false},"author":3,"featured_media":0,"parent":0,"menu_order":0,"comment_status":"closed","ping_status":"closed","template":"","meta":{"footnotes":""},"class_list":["post-1765","page","type-page","status-publish","hentry"],"yoast_head":"<!-- This site is optimized with the Yoast SEO plugin v26.9 - https:\/\/yoast.com\/product\/yoast-seo-wordpress\/ -->\n<title>Formul\u00e1rios - Journal of Transcatheter Interventions<\/title>\n<meta name=\"robots\" content=\"index, follow, max-snippet:-1, max-image-preview:large, max-video-preview:-1\" \/>\n<link rel=\"canonical\" href=\"https:\/\/jotci.org\/pt-br\/formularios\/\" \/>\n<meta property=\"og:locale\" content=\"pt_BR\" \/>\n<meta property=\"og:type\" content=\"article\" \/>\n<meta property=\"og:title\" content=\"Formul\u00e1rios - Journal of Transcatheter Interventions\" \/>\n<meta property=\"og:description\" content=\"Carta de submiss\u00e3o. Declara\u00e7\u00e3o de aus\u00eancia\/presen\u00e7a de fonte de financiamento. Declara\u00e7\u00e3o de aus\u00eancia\/presen\u00e7a de conflitos de interesses.\" \/>\n<meta property=\"og:url\" content=\"https:\/\/jotci.org\/pt-br\/formularios\/\" \/>\n<meta property=\"og:site_name\" content=\"Journal of Transcatheter Interventions\" \/>\n<meta property=\"article:publisher\" content=\"https:\/\/www.facebook.com\/Sbhcicardiologia\" \/>\n<meta property=\"article:modified_time\" content=\"2023-12-04T15:19:17+00:00\" \/>\n<meta name=\"twitter:card\" content=\"summary_large_image\" \/>\n<meta name=\"twitter:site\" content=\"@sbci_org_br\" \/>\n<script type=\"application\/ld+json\" class=\"yoast-schema-graph\">{\"@context\":\"https:\/\/schema.org\",\"@graph\":[{\"@type\":\"WebPage\",\"@id\":\"https:\/\/jotci.org\/pt-br\/formularios\/\",\"url\":\"https:\/\/jotci.org\/pt-br\/formularios\/\",\"name\":\"Formul\u00e1rios - Journal of Transcatheter Interventions\",\"isPartOf\":{\"@id\":\"https:\/\/jotci.org\/#website\"},\"datePublished\":\"2020-07-13T16:05:34+00:00\",\"dateModified\":\"2023-12-04T15:19:17+00:00\",\"breadcrumb\":{\"@id\":\"https:\/\/jotci.org\/pt-br\/formularios\/#breadcrumb\"},\"inLanguage\":\"pt-BR\",\"potentialAction\":[{\"@type\":\"ReadAction\",\"target\":[\"https:\/\/jotci.org\/pt-br\/formularios\/\"]}]},{\"@type\":\"BreadcrumbList\",\"@id\":\"https:\/\/jotci.org\/pt-br\/formularios\/#breadcrumb\",\"itemListElement\":[{\"@type\":\"ListItem\",\"position\":1,\"name\":\"In\u00edcio\",\"item\":\"https:\/\/jotci.org\/pt-br\/\"},{\"@type\":\"ListItem\",\"position\":2,\"name\":\"Formul\u00e1rios\"}]},{\"@type\":\"WebSite\",\"@id\":\"https:\/\/jotci.org\/#website\",\"url\":\"https:\/\/jotci.org\/\",\"name\":\"Journal of Transcatheter Interventions\",\"description\":\"&lt;em&gt;(Continua\u00e7\u00e3o de: &lt;a href=&quot;http:\/\/www.rbci.org.br\/&quot;&gt;Revista Brasileira de Cardiologia Invasiva&lt;\/a&gt;)&lt;\/em&gt;&lt;br\/&gt;Publica\u00e7\u00e3o Oficial da &lt;a href=&quot;http:\/\/sbhci.org.br\/&quot;&gt;Sociedade Brasileira de Hemodin\u00e2mica e Cardiologia Intervencionista&lt;\/a&gt;\",\"potentialAction\":[{\"@type\":\"SearchAction\",\"target\":{\"@type\":\"EntryPoint\",\"urlTemplate\":\"https:\/\/jotci.org\/?s={search_term_string}\"},\"query-input\":{\"@type\":\"PropertyValueSpecification\",\"valueRequired\":true,\"valueName\":\"search_term_string\"}}],\"inLanguage\":\"pt-BR\"}]}<\/script>\n<!-- \/ Yoast SEO plugin. -->","yoast_head_json":{"title":"Formul\u00e1rios - Journal of Transcatheter Interventions","robots":{"index":"index","follow":"follow","max-snippet":"max-snippet:-1","max-image-preview":"max-image-preview:large","max-video-preview":"max-video-preview:-1"},"canonical":"https:\/\/jotci.org\/pt-br\/formularios\/","og_locale":"pt_BR","og_type":"article","og_title":"Formul\u00e1rios - Journal of Transcatheter Interventions","og_description":"Carta de submiss\u00e3o. Declara\u00e7\u00e3o de aus\u00eancia\/presen\u00e7a de fonte de financiamento. Declara\u00e7\u00e3o de aus\u00eancia\/presen\u00e7a de conflitos de interesses.","og_url":"https:\/\/jotci.org\/pt-br\/formularios\/","og_site_name":"Journal of Transcatheter Interventions","article_publisher":"https:\/\/www.facebook.com\/Sbhcicardiologia","article_modified_time":"2023-12-04T15:19:17+00:00","twitter_card":"summary_large_image","twitter_site":"@sbci_org_br","schema":{"@context":"https:\/\/schema.org","@graph":[{"@type":"WebPage","@id":"https:\/\/jotci.org\/pt-br\/formularios\/","url":"https:\/\/jotci.org\/pt-br\/formularios\/","name":"Formul\u00e1rios - Journal of Transcatheter Interventions","isPartOf":{"@id":"https:\/\/jotci.org\/#website"},"datePublished":"2020-07-13T16:05:34+00:00","dateModified":"2023-12-04T15:19:17+00:00","breadcrumb":{"@id":"https:\/\/jotci.org\/pt-br\/formularios\/#breadcrumb"},"inLanguage":"pt-BR","potentialAction":[{"@type":"ReadAction","target":["https:\/\/jotci.org\/pt-br\/formularios\/"]}]},{"@type":"BreadcrumbList","@id":"https:\/\/jotci.org\/pt-br\/formularios\/#breadcrumb","itemListElement":[{"@type":"ListItem","position":1,"name":"In\u00edcio","item":"https:\/\/jotci.org\/pt-br\/"},{"@type":"ListItem","position":2,"name":"Formul\u00e1rios"}]},{"@type":"WebSite","@id":"https:\/\/jotci.org\/#website","url":"https:\/\/jotci.org\/","name":"Journal of Transcatheter Interventions","description":"&lt;em&gt;(Continua\u00e7\u00e3o de: &lt;a href=&quot;http:\/\/www.rbci.org.br\/&quot;&gt;Revista Brasileira de Cardiologia Invasiva&lt;\/a&gt;)&lt;\/em&gt;&lt;br\/&gt;Publica\u00e7\u00e3o Oficial da &lt;a href=&quot;http:\/\/sbhci.org.br\/&quot;&gt;Sociedade Brasileira de Hemodin\u00e2mica e Cardiologia Intervencionista&lt;\/a&gt;","potentialAction":[{"@type":"SearchAction","target":{"@type":"EntryPoint","urlTemplate":"https:\/\/jotci.org\/?s={search_term_string}"},"query-input":{"@type":"PropertyValueSpecification","valueRequired":true,"valueName":"search_term_string"}}],"inLanguage":"pt-BR"}]}},"_links":{"self":[{"href":"https:\/\/jotci.org\/pt-br\/wp-json\/wp\/v2\/pages\/1765","targetHints":{"allow":["GET"]}}],"collection":[{"href":"https:\/\/jotci.org\/pt-br\/wp-json\/wp\/v2\/pages"}],"about":[{"href":"https:\/\/jotci.org\/pt-br\/wp-json\/wp\/v2\/types\/page"}],"author":[{"embeddable":true,"href":"https:\/\/jotci.org\/pt-br\/wp-json\/wp\/v2\/users\/3"}],"replies":[{"embeddable":true,"href":"https:\/\/jotci.org\/pt-br\/wp-json\/wp\/v2\/comments?post=1765"}],"version-history":[{"count":6,"href":"https:\/\/jotci.org\/pt-br\/wp-json\/wp\/v2\/pages\/1765\/revisions"}],"predecessor-version":[{"id":2600,"href":"https:\/\/jotci.org\/pt-br\/wp-json\/wp\/v2\/pages\/1765\/revisions\/2600"}],"wp:attachment":[{"href":"https:\/\/jotci.org\/pt-br\/wp-json\/wp\/v2\/media?parent=1765"}],"curies":[{"name":"wp","href":"https:\/\/api.w.org\/{rel}","templated":true}]}}