{"id":2619,"date":"2024-01-02T14:03:22","date_gmt":"2024-01-02T17:03:22","guid":{"rendered":"https:\/\/jotci.org\/?page_id=2619"},"modified":"2024-03-22T14:04:59","modified_gmt":"2024-03-22T17:04:59","slug":"suspensao-temporaria-de-submissao","status":"publish","type":"page","link":"https:\/\/jotci.org\/pt-br\/suspensao-temporaria-de-submissao\/","title":{"rendered":"Suspens\u00e3o tempor\u00e1ria de submiss\u00e3o"},"content":{"rendered":"<p>No dia 2 de janeiro de 2024 a submiss\u00e3o de artigos no JOTCI foi suspensa para revis\u00e3o e reestrutura\u00e7\u00e3o de processos editoriais. Sugerimos que encaminhe seu artigo durante esta suspens\u00e3o da JOTCI para a revista IJCS &#8211; <a href=\"https:\/\/ijcscardiol.org\/pt-br\/\" target=\"_blank\" rel=\"noopener\">https:\/\/ijcscardiol.org\/pt-br\/<\/a><\/p>\n<p>Os artigos submetidos at\u00e9 01\/01\/2024 entrar\u00e3o no timeline remanescente de publica\u00e7\u00f5es.<\/p>\n","protected":false},"excerpt":{"rendered":"<p>No dia 2 de janeiro de 2024 a submiss\u00e3o de artigos no JOTCI foi suspensa para revis\u00e3o e reestrutura\u00e7\u00e3o de processos editoriais. Sugerimos que encaminhe seu artigo durante esta suspens\u00e3o da JOTCI para a revista IJCS &#8211; https:\/\/ijcscardiol.org\/pt-br\/ Os artigos submetidos at\u00e9 01\/01\/2024 entrar\u00e3o no timeline remanescente de publica\u00e7\u00f5es.<\/p>\n","protected":false},"author":1,"featured_media":0,"parent":0,"menu_order":0,"comment_status":"closed","ping_status":"closed","template":"","meta":{"footnotes":""},"class_list":["post-2619","page","type-page","status-publish","hentry"],"yoast_head":"<!-- This site is optimized with the Yoast SEO plugin v26.9 - https:\/\/yoast.com\/product\/yoast-seo-wordpress\/ -->\n<title>Suspens\u00e3o tempor\u00e1ria de submiss\u00e3o - Journal of Transcatheter Interventions<\/title>\n<meta name=\"robots\" content=\"index, follow, max-snippet:-1, max-image-preview:large, max-video-preview:-1\" \/>\n<link rel=\"canonical\" href=\"https:\/\/jotci.org\/pt-br\/suspensao-temporaria-de-submissao\/\" \/>\n<meta property=\"og:locale\" content=\"pt_BR\" \/>\n<meta property=\"og:type\" content=\"article\" \/>\n<meta property=\"og:title\" content=\"Suspens\u00e3o tempor\u00e1ria de submiss\u00e3o - Journal of Transcatheter Interventions\" \/>\n<meta property=\"og:description\" content=\"No dia 2 de janeiro de 2024 a submiss\u00e3o de artigos no JOTCI foi suspensa para revis\u00e3o e reestrutura\u00e7\u00e3o de processos editoriais. Sugerimos que encaminhe seu artigo durante esta suspens\u00e3o da JOTCI para a revista IJCS &#8211; https:\/\/ijcscardiol.org\/pt-br\/ Os artigos submetidos at\u00e9 01\/01\/2024 entrar\u00e3o no timeline remanescente de publica\u00e7\u00f5es.\" \/>\n<meta property=\"og:url\" content=\"https:\/\/jotci.org\/pt-br\/suspensao-temporaria-de-submissao\/\" \/>\n<meta property=\"og:site_name\" content=\"Journal of Transcatheter Interventions\" \/>\n<meta property=\"article:publisher\" content=\"https:\/\/www.facebook.com\/Sbhcicardiologia\" \/>\n<meta property=\"article:modified_time\" content=\"2024-03-22T17:04:59+00:00\" \/>\n<meta name=\"twitter:card\" content=\"summary_large_image\" \/>\n<meta name=\"twitter:site\" content=\"@sbci_org_br\" \/>\n<meta name=\"twitter:label1\" content=\"Est. tempo de leitura\" \/>\n\t<meta name=\"twitter:data1\" content=\"1 minuto\" \/>\n<script type=\"application\/ld+json\" class=\"yoast-schema-graph\">{\"@context\":\"https:\/\/schema.org\",\"@graph\":[{\"@type\":\"WebPage\",\"@id\":\"https:\/\/jotci.org\/pt-br\/suspensao-temporaria-de-submissao\/\",\"url\":\"https:\/\/jotci.org\/pt-br\/suspensao-temporaria-de-submissao\/\",\"name\":\"Suspens\u00e3o tempor\u00e1ria de submiss\u00e3o - Journal of Transcatheter Interventions\",\"isPartOf\":{\"@id\":\"https:\/\/jotci.org\/#website\"},\"datePublished\":\"2024-01-02T17:03:22+00:00\",\"dateModified\":\"2024-03-22T17:04:59+00:00\",\"breadcrumb\":{\"@id\":\"https:\/\/jotci.org\/pt-br\/suspensao-temporaria-de-submissao\/#breadcrumb\"},\"inLanguage\":\"pt-BR\",\"potentialAction\":[{\"@type\":\"ReadAction\",\"target\":[\"https:\/\/jotci.org\/pt-br\/suspensao-temporaria-de-submissao\/\"]}]},{\"@type\":\"BreadcrumbList\",\"@id\":\"https:\/\/jotci.org\/pt-br\/suspensao-temporaria-de-submissao\/#breadcrumb\",\"itemListElement\":[{\"@type\":\"ListItem\",\"position\":1,\"name\":\"In\u00edcio\",\"item\":\"https:\/\/jotci.org\/pt-br\/\"},{\"@type\":\"ListItem\",\"position\":2,\"name\":\"Suspens\u00e3o tempor\u00e1ria de submiss\u00e3o\"}]},{\"@type\":\"WebSite\",\"@id\":\"https:\/\/jotci.org\/#website\",\"url\":\"https:\/\/jotci.org\/\",\"name\":\"Journal of Transcatheter Interventions\",\"description\":\"&lt;em&gt;(Continua\u00e7\u00e3o de: &lt;a href=&quot;http:\/\/www.rbci.org.br\/&quot;&gt;Revista Brasileira de Cardiologia Invasiva&lt;\/a&gt;)&lt;\/em&gt;&lt;br\/&gt;Publica\u00e7\u00e3o Oficial da &lt;a href=&quot;http:\/\/sbhci.org.br\/&quot;&gt;Sociedade Brasileira de Hemodin\u00e2mica e Cardiologia Intervencionista&lt;\/a&gt;\",\"potentialAction\":[{\"@type\":\"SearchAction\",\"target\":{\"@type\":\"EntryPoint\",\"urlTemplate\":\"https:\/\/jotci.org\/?s={search_term_string}\"},\"query-input\":{\"@type\":\"PropertyValueSpecification\",\"valueRequired\":true,\"valueName\":\"search_term_string\"}}],\"inLanguage\":\"pt-BR\"}]}<\/script>\n<!-- \/ Yoast SEO plugin. -->","yoast_head_json":{"title":"Suspens\u00e3o tempor\u00e1ria de submiss\u00e3o - Journal of Transcatheter Interventions","robots":{"index":"index","follow":"follow","max-snippet":"max-snippet:-1","max-image-preview":"max-image-preview:large","max-video-preview":"max-video-preview:-1"},"canonical":"https:\/\/jotci.org\/pt-br\/suspensao-temporaria-de-submissao\/","og_locale":"pt_BR","og_type":"article","og_title":"Suspens\u00e3o tempor\u00e1ria de submiss\u00e3o - Journal of Transcatheter Interventions","og_description":"No dia 2 de janeiro de 2024 a submiss\u00e3o de artigos no JOTCI foi suspensa para revis\u00e3o e reestrutura\u00e7\u00e3o de processos editoriais. Sugerimos que encaminhe seu artigo durante esta suspens\u00e3o da JOTCI para a revista IJCS &#8211; https:\/\/ijcscardiol.org\/pt-br\/ Os artigos submetidos at\u00e9 01\/01\/2024 entrar\u00e3o no timeline remanescente de publica\u00e7\u00f5es.","og_url":"https:\/\/jotci.org\/pt-br\/suspensao-temporaria-de-submissao\/","og_site_name":"Journal of Transcatheter Interventions","article_publisher":"https:\/\/www.facebook.com\/Sbhcicardiologia","article_modified_time":"2024-03-22T17:04:59+00:00","twitter_card":"summary_large_image","twitter_site":"@sbci_org_br","twitter_misc":{"Est. tempo de leitura":"1 minuto"},"schema":{"@context":"https:\/\/schema.org","@graph":[{"@type":"WebPage","@id":"https:\/\/jotci.org\/pt-br\/suspensao-temporaria-de-submissao\/","url":"https:\/\/jotci.org\/pt-br\/suspensao-temporaria-de-submissao\/","name":"Suspens\u00e3o tempor\u00e1ria de submiss\u00e3o - Journal of Transcatheter Interventions","isPartOf":{"@id":"https:\/\/jotci.org\/#website"},"datePublished":"2024-01-02T17:03:22+00:00","dateModified":"2024-03-22T17:04:59+00:00","breadcrumb":{"@id":"https:\/\/jotci.org\/pt-br\/suspensao-temporaria-de-submissao\/#breadcrumb"},"inLanguage":"pt-BR","potentialAction":[{"@type":"ReadAction","target":["https:\/\/jotci.org\/pt-br\/suspensao-temporaria-de-submissao\/"]}]},{"@type":"BreadcrumbList","@id":"https:\/\/jotci.org\/pt-br\/suspensao-temporaria-de-submissao\/#breadcrumb","itemListElement":[{"@type":"ListItem","position":1,"name":"In\u00edcio","item":"https:\/\/jotci.org\/pt-br\/"},{"@type":"ListItem","position":2,"name":"Suspens\u00e3o tempor\u00e1ria de submiss\u00e3o"}]},{"@type":"WebSite","@id":"https:\/\/jotci.org\/#website","url":"https:\/\/jotci.org\/","name":"Journal of Transcatheter Interventions","description":"&lt;em&gt;(Continua\u00e7\u00e3o de: &lt;a href=&quot;http:\/\/www.rbci.org.br\/&quot;&gt;Revista Brasileira de Cardiologia Invasiva&lt;\/a&gt;)&lt;\/em&gt;&lt;br\/&gt;Publica\u00e7\u00e3o Oficial da &lt;a href=&quot;http:\/\/sbhci.org.br\/&quot;&gt;Sociedade Brasileira de Hemodin\u00e2mica e Cardiologia Intervencionista&lt;\/a&gt;","potentialAction":[{"@type":"SearchAction","target":{"@type":"EntryPoint","urlTemplate":"https:\/\/jotci.org\/?s={search_term_string}"},"query-input":{"@type":"PropertyValueSpecification","valueRequired":true,"valueName":"search_term_string"}}],"inLanguage":"pt-BR"}]}},"_links":{"self":[{"href":"https:\/\/jotci.org\/pt-br\/wp-json\/wp\/v2\/pages\/2619","targetHints":{"allow":["GET"]}}],"collection":[{"href":"https:\/\/jotci.org\/pt-br\/wp-json\/wp\/v2\/pages"}],"about":[{"href":"https:\/\/jotci.org\/pt-br\/wp-json\/wp\/v2\/types\/page"}],"author":[{"embeddable":true,"href":"https:\/\/jotci.org\/pt-br\/wp-json\/wp\/v2\/users\/1"}],"replies":[{"embeddable":true,"href":"https:\/\/jotci.org\/pt-br\/wp-json\/wp\/v2\/comments?post=2619"}],"version-history":[{"count":4,"href":"https:\/\/jotci.org\/pt-br\/wp-json\/wp\/v2\/pages\/2619\/revisions"}],"predecessor-version":[{"id":2652,"href":"https:\/\/jotci.org\/pt-br\/wp-json\/wp\/v2\/pages\/2619\/revisions\/2652"}],"wp:attachment":[{"href":"https:\/\/jotci.org\/pt-br\/wp-json\/wp\/v2\/media?parent=2619"}],"curies":[{"name":"wp","href":"https:\/\/api.w.org\/{rel}","templated":true}]}}